{"id":1227,"date":"2023-01-04T16:59:24","date_gmt":"2023-01-04T16:59:24","guid":{"rendered":"https:\/\/ortosenior.com.br\/?post_type=product&#038;p=1227"},"modified":"2025-01-02T16:37:09","modified_gmt":"2025-01-02T16:37:09","slug":"andador-articulado-de-aluminio-anb2","status":"publish","type":"product","link":"https:\/\/ortosenior.com.br\/?product=andador-articulado-de-aluminio-anb2","title":{"rendered":"Andador articulado de alum\u00ednio AT\u00c9 100KG"},"content":{"rendered":"<p>Benef\u00edcios:<\/p>\n<p>Os andadores oferecem mais equil\u00edbrio, estabilidade e for\u00e7a para caminhar, ao se levantar, subir ou descer degraus e escadas, garantindo maior independ\u00eancia para os idosos. O equipamento aumenta as capacidades do seu usu\u00e1rio j\u00e1 que propicia mais seguran\u00e7a e aumenta a mobilidade<\/p>\n<p>Como usar o andador de maneira correta:<\/p>\n<p>Posicione de maneira que os cotovelos fiquem levemente flexionados em aproximadamente 30 graus quando as m\u00e3os estiverem apoiadas no andador.<\/p>\n<p>Manter cuidado ao usar em terreno escorregadio.<\/p>\n<p>Garantia fornecida pelo fabricante.<\/p>\n<p>Composi\u00e7\u00e3o<\/p>\n<p>Tubos de alum\u00ednio, tubos de alum\u00ednio pintado, pinos de a\u00e7o, rebites de alum\u00ednio, parafusos de a\u00e7o, porcas de a\u00e7o, arruelas de a\u00e7o, manoplas de borracha, conex\u00f5es pl\u00e1sticas e borracha.<\/p>\n<table width=\"552\">\n<tbody>\n<tr>\n<td width=\"110\">Refer\u00eancia<\/td>\n<td width=\"161\">C\u00f3digo<\/td>\n<td width=\"173\">N\u00ba registro Anvisa<\/td>\n<td width=\"108\">NCM<\/td>\n<\/tr>\n<tr>\n<td width=\"110\">ANB2<\/td>\n<td width=\"161\">PA000300100330<\/td>\n<td width=\"173\">80457459006<\/td>\n<td width=\"108\">9021.10.10<\/td>\n<\/tr>\n<\/tbody>\n<\/table>\n<p>&nbsp;<\/p>\n<table width=\"552\">\n<tbody>\n<tr>\n<td width=\"131\">Tamanho \/ Uso<\/td>\n<td width=\"144\">Resist\u00eancia<\/td>\n<td width=\"200\">Altura<\/td>\n<td width=\"77\">Largura<\/td>\n<\/tr>\n<tr>\n<td width=\"131\">\u00danico \/ Adulto<\/td>\n<td width=\"144\">Peso m\u00e1x. 100Kg<\/td>\n<td width=\"200\">M\u00edn: 0,80m \u2013 M\u00e1x: 0,91m<\/td>\n<td width=\"77\">0,45m<\/td>\n<\/tr>\n<\/tbody>\n<\/table>\n<p>&nbsp;<\/p>\n<table width=\"552\">\n<tbody>\n<tr>\n<td width=\"110\">Unidade<\/td>\n<td width=\"149\">Peso (Pe\u00e7a)<\/td>\n<td width=\"293\">Embalagem<\/td>\n<\/tr>\n<tr>\n<td width=\"110\">Pe\u00e7a<\/td>\n<td width=\"149\">2,0Kg<\/td>\n<td width=\"293\">Saco pl\u00e1stico (unit\u00e1rio)<\/p>\n<p>Caixa de papel\u00e3o (m\u00faltiplo)<\/td>\n<\/tr>\n<\/tbody>\n<\/table>\n","protected":false},"excerpt":{"rendered":"<p>Tubos de alum\u00ednio 7\/8\u201cem arco nas laterais, com manoplas de borracha para apoio das m\u00e3os.<\/p>\n<p>Base frontal com tubos de alum\u00ednio 1\u201cvertical e 3\/4\u201chorizontal, na cor preta, com pintura eletrost\u00e1tica e pinos de press\u00e3o na barra articulada para travamento e fechamento do andador.<\/p>\n<p>Tubos de alum\u00ednio 3\/4\u201cnos 4 p\u00e9s, com ponteiras de borracha, 6 furos para regulagem com pinos de press\u00e3o.<\/p>\n","protected":false},"featured_media":1228,"template":"","meta":{"om_disable_all_campaigns":false,"_monsterinsights_skip_tracking":false,"_monsterinsights_sitenote_active":false,"_monsterinsights_sitenote_note":"","_monsterinsights_sitenote_category":0,"_kadence_starter_templates_imported_post":false,"_kad_post_transparent":"default","_kad_post_title":"","_kad_post_layout":"default","_kad_post_sidebar_id":"","_kad_post_content_style":"default","_kad_post_vertical_padding":"default","_kad_post_feature":"","_kad_post_feature_position":"","_kad_post_header":false,"_kad_post_footer":false},"product_brand":[],"product_cat":[56,47],"product_tag":[],"class_list":{"0":"post-1227","1":"product","2":"type-product","3":"status-publish","4":"has-post-thumbnail","6":"product_cat-loja-de-produtos-medicos-e-ortopedicos-em-florianopolis-e-regiao","7":"product_cat-ortopedia","9":"first","10":"instock","11":"shipping-taxable","12":"purchasable","13":"product-type-simple","14":"entry","15":"content-bg","16":"loop-entry"},"aioseo_notices":[],"_links":{"self":[{"href":"https:\/\/ortosenior.com.br\/index.php?rest_route=\/wp\/v2\/product\/1227","targetHints":{"allow":["GET"]}}],"collection":[{"href":"https:\/\/ortosenior.com.br\/index.php?rest_route=\/wp\/v2\/product"}],"about":[{"href":"https:\/\/ortosenior.com.br\/index.php?rest_route=\/wp\/v2\/types\/product"}],"wp:featuredmedia":[{"embeddable":true,"href":"https:\/\/ortosenior.com.br\/index.php?rest_route=\/wp\/v2\/media\/1228"}],"wp:attachment":[{"href":"https:\/\/ortosenior.com.br\/index.php?rest_route=%2Fwp%2Fv2%2Fmedia&parent=1227"}],"wp:term":[{"taxonomy":"product_brand","embeddable":true,"href":"https:\/\/ortosenior.com.br\/index.php?rest_route=%2Fwp%2Fv2%2Fproduct_brand&post=1227"},{"taxonomy":"product_cat","embeddable":true,"href":"https:\/\/ortosenior.com.br\/index.php?rest_route=%2Fwp%2Fv2%2Fproduct_cat&post=1227"},{"taxonomy":"product_tag","embeddable":true,"href":"https:\/\/ortosenior.com.br\/index.php?rest_route=%2Fwp%2Fv2%2Fproduct_tag&post=1227"}],"curies":[{"name":"wp","href":"https:\/\/api.w.org\/{rel}","templated":true}]}}