{"id":1236,"date":"2023-01-04T17:25:02","date_gmt":"2023-01-04T17:25:02","guid":{"rendered":"https:\/\/ortosenior.com.br\/?post_type=product&#038;p=1236"},"modified":"2025-01-02T16:36:38","modified_gmt":"2025-01-02T16:36:38","slug":"bastao-ortopedico-base-4-pontas-b406","status":"publish","type":"product","link":"https:\/\/ortosenior.com.br\/?product=bastao-ortopedico-base-4-pontas-b406","title":{"rendered":"Bast\u00e3o ortop\u00e9dico base 4 pontas AT\u00c9 100KG"},"content":{"rendered":"<p>Benef\u00edcios:<\/p>\n<p>As bengalas ajudam os idosos a evitar que a carga de seus pr\u00f3prios corpos durante o movimento prejudique sua estrutura \u00f3ssea e articular.<\/p>\n<p>Como usar a bengala de maneira correta:<\/p>\n<p>Ajustar a bengala de maneira que os cotovelos fiquem levemente flexionados em aproximadamente 30 graus quando as m\u00e3os estiverem apoiadas na bengala.<\/p>\n<p>Manter cuidado ao usar em terreno escorregadio.<\/p>\n<p>Garantia fornecida pelo fabricante.<\/p>\n<p>Composi\u00e7\u00e3o<\/p>\n<p>Tubos de alum\u00ednio, tubos de alum\u00ednio soldados, cabo de pl\u00e1stico (polipropileno), pinos de a\u00e7o e borracha.<\/p>\n<table width=\"552\">\n<tbody>\n<tr>\n<td width=\"110\">Refer\u00eancia<\/td>\n<td width=\"161\">C\u00f3digo<\/td>\n<td width=\"173\">N\u00ba registro Anvisa<\/td>\n<td width=\"108\">NCM<\/td>\n<\/tr>\n<tr>\n<td width=\"110\">B406<\/td>\n<td width=\"161\">PA000200400406<\/td>\n<td width=\"173\">80457459003<\/td>\n<td width=\"108\">9021.10.10<\/td>\n<\/tr>\n<\/tbody>\n<\/table>\n<p>&nbsp;<\/p>\n<table width=\"552\">\n<tbody>\n<tr>\n<td width=\"131\">Tamanho \/ Uso<\/td>\n<td width=\"144\">Resist\u00eancia<\/td>\n<td width=\"200\">Altura<\/td>\n<td width=\"77\">Largura<\/td>\n<\/tr>\n<tr>\n<td width=\"131\">\u00danico \/ Adulto<\/td>\n<td width=\"144\">Peso m\u00e1x. 100Kg<\/td>\n<td width=\"200\">M\u00edn: 0,74m \u2013 M\u00e1x: 0,91m<\/td>\n<td width=\"77\">N\/A<\/td>\n<\/tr>\n<\/tbody>\n<\/table>\n<p>&nbsp;<\/p>\n<table width=\"552\">\n<tbody>\n<tr>\n<td width=\"110\">Unidade<\/td>\n<td width=\"149\">Peso (Pe\u00e7a)<\/td>\n<td width=\"293\">Embalagem<\/td>\n<\/tr>\n<tr>\n<td width=\"110\">Pe\u00e7a<\/td>\n<td width=\"149\">0,5Kg<\/td>\n<td width=\"293\">Saco pl\u00e1stico (unit\u00e1rio)<\/p>\n<p>Caixa de papel\u00e3o (m\u00faltiplo)<\/td>\n<\/tr>\n<\/tbody>\n<\/table>\n<p>&nbsp;<\/p>\n","protected":false},"excerpt":{"rendered":"<p>Tubo superior de alum\u00ednio 7\/8\u201ccom 8 furos para regulagem de altura, cabo pl\u00e1stico de polipropileno encaixado e pino sobre injetado para regulagem da altura.<\/p>\n<p>Base inferior com haste em tubo de alum\u00ednio 3\/4\u201ccentral soldada a tubos de alum\u00ednio 3\/4\u2033 dobrados, toda com pintura eletrost\u00e1tica na cor preta e ponteiras de borracha encaixadas na base.<\/p>\n","protected":false},"featured_media":1237,"template":"","meta":{"om_disable_all_campaigns":false,"_monsterinsights_skip_tracking":false,"_monsterinsights_sitenote_active":false,"_monsterinsights_sitenote_note":"","_monsterinsights_sitenote_category":0,"_kadence_starter_templates_imported_post":false,"_kad_post_transparent":"default","_kad_post_title":"","_kad_post_layout":"default","_kad_post_sidebar_id":"","_kad_post_content_style":"default","_kad_post_vertical_padding":"default","_kad_post_feature":"","_kad_post_feature_position":"","_kad_post_header":false,"_kad_post_footer":false},"product_brand":[],"product_cat":[56,47],"product_tag":[],"class_list":{"0":"post-1236","1":"product","2":"type-product","3":"status-publish","4":"has-post-thumbnail","6":"product_cat-loja-de-produtos-medicos-e-ortopedicos-em-florianopolis-e-regiao","7":"product_cat-ortopedia","9":"first","10":"instock","11":"shipping-taxable","12":"purchasable","13":"product-type-simple","14":"entry","15":"content-bg","16":"loop-entry"},"aioseo_notices":[],"_links":{"self":[{"href":"https:\/\/ortosenior.com.br\/index.php?rest_route=\/wp\/v2\/product\/1236","targetHints":{"allow":["GET"]}}],"collection":[{"href":"https:\/\/ortosenior.com.br\/index.php?rest_route=\/wp\/v2\/product"}],"about":[{"href":"https:\/\/ortosenior.com.br\/index.php?rest_route=\/wp\/v2\/types\/product"}],"wp:featuredmedia":[{"embeddable":true,"href":"https:\/\/ortosenior.com.br\/index.php?rest_route=\/wp\/v2\/media\/1237"}],"wp:attachment":[{"href":"https:\/\/ortosenior.com.br\/index.php?rest_route=%2Fwp%2Fv2%2Fmedia&parent=1236"}],"wp:term":[{"taxonomy":"product_brand","embeddable":true,"href":"https:\/\/ortosenior.com.br\/index.php?rest_route=%2Fwp%2Fv2%2Fproduct_brand&post=1236"},{"taxonomy":"product_cat","embeddable":true,"href":"https:\/\/ortosenior.com.br\/index.php?rest_route=%2Fwp%2Fv2%2Fproduct_cat&post=1236"},{"taxonomy":"product_tag","embeddable":true,"href":"https:\/\/ortosenior.com.br\/index.php?rest_route=%2Fwp%2Fv2%2Fproduct_tag&post=1236"}],"curies":[{"name":"wp","href":"https:\/\/api.w.org\/{rel}","templated":true}]}}