{"id":1256,"date":"2023-01-04T18:17:32","date_gmt":"2023-01-04T18:17:32","guid":{"rendered":"https:\/\/ortosenior.com.br\/?post_type=product&#038;p=1256"},"modified":"2025-01-02T16:35:23","modified_gmt":"2025-01-02T16:35:23","slug":"muleta-canadense-de-aluminio-reforcado-com-apoio-fixo-cf1p-130kg","status":"publish","type":"product","link":"https:\/\/ortosenior.com.br\/?product=muleta-canadense-de-aluminio-reforcado-com-apoio-fixo-cf1p-130kg","title":{"rendered":"Muleta canadense de alum\u00ednio refor\u00e7ado com apoio fixo \u2013 (130Kg)"},"content":{"rendered":"<p>Benef\u00edcios:<\/p>\n<p>As muletas promovem suporte e equil\u00edbrio para que os usu\u00e1rios possam se deslocar com autonomia e seguran\u00e7a. Isso porque os recursos s\u00e3o respons\u00e1veis por aumentar a base de apoio do corpo e diminuir o peso sobre os membros inferiores, proporcionando estabilidade para o dia a dia<\/p>\n<p>Como usar a muleta de maneira correta:<\/p>\n<p>Ajustar a bengala de maneira que os cotovelos fiquem levemente\u00a0 flexionados em aproximadamente 30 graus quando as m\u00e3os estiverem apoiadas na muleta.<\/p>\n<p>Manter cuidado ao usar em terreno escorregadio.<\/p>\n<p>Garantia fornecida pelo fabricante.<\/p>\n<p>Tubos de alum\u00ednio, apoio de bra\u00e7o de pl\u00e1stico (polipropileno), pinos de a\u00e7o, arruela de a\u00e7o e borracha.<\/p>\n<table width=\"552\">\n<tbody>\n<tr>\n<td width=\"110\">Refer\u00eancia<\/td>\n<td width=\"161\">C\u00f3digo<\/td>\n<td width=\"173\">N\u00ba registro Anvisa<\/td>\n<td width=\"108\">NCM<\/td>\n<\/tr>\n<tr>\n<td width=\"110\">CF1P<\/td>\n<td width=\"161\">PA000100700321<\/td>\n<td width=\"173\">80457459005<\/td>\n<td width=\"108\">9021.10.10<\/td>\n<\/tr>\n<\/tbody>\n<\/table>\n<p>&nbsp;<\/p>\n<table width=\"552\">\n<tbody>\n<tr>\n<td width=\"131\">Tamanho \/ Uso<\/td>\n<td width=\"144\">Resist\u00eancia<\/td>\n<td width=\"200\">Altura<\/td>\n<td width=\"77\">Largura<\/td>\n<\/tr>\n<tr>\n<td width=\"131\">\u00danico \/ Adulto<\/td>\n<td width=\"144\">Peso m\u00e1x. 130Kg<\/td>\n<td width=\"200\">M\u00edn. 1,00m \u2013 M\u00e1x. 1,18m<\/td>\n<td width=\"77\">N\/A<\/td>\n<\/tr>\n<\/tbody>\n<\/table>\n<p>&nbsp;<\/p>\n<table width=\"552\">\n<tbody>\n<tr>\n<td width=\"110\">Unidade<\/td>\n<td width=\"149\">Peso (Pe\u00e7a)<\/td>\n<td width=\"293\">Embalagem<\/td>\n<\/tr>\n<tr>\n<td width=\"110\">Par<\/td>\n<td width=\"149\">1,40Kg<\/td>\n<td width=\"293\">Saco pl\u00e1stico (par)<\/p>\n<p>Caixa de papel\u00e3o (m\u00faltiplo)<\/td>\n<\/tr>\n<\/tbody>\n<\/table>\n","protected":false},"excerpt":{"rendered":"<p>Tubo superior de alum\u00ednio para regulagem de altura e apoio de bra\u00e7o e m\u00e3o\u00a0 encaixado.<\/p>\n<p>Tubo inferior de alum\u00ednio\u00a0 com pinos de press\u00e3o para regulagem de altura e ponteira de borracha encaixada na base.<\/p>\n","protected":false},"featured_media":1257,"template":"","meta":{"om_disable_all_campaigns":false,"_monsterinsights_skip_tracking":false,"_monsterinsights_sitenote_active":false,"_monsterinsights_sitenote_note":"","_monsterinsights_sitenote_category":0,"_kadence_starter_templates_imported_post":false,"_kad_post_transparent":"default","_kad_post_title":"","_kad_post_layout":"default","_kad_post_sidebar_id":"","_kad_post_content_style":"default","_kad_post_vertical_padding":"default","_kad_post_feature":"","_kad_post_feature_position":"","_kad_post_header":false,"_kad_post_footer":false},"product_brand":[],"product_cat":[56,47],"product_tag":[],"class_list":{"0":"post-1256","1":"product","2":"type-product","3":"status-publish","4":"has-post-thumbnail","6":"product_cat-loja-de-produtos-medicos-e-ortopedicos-em-florianopolis-e-regiao","7":"product_cat-ortopedia","9":"first","10":"instock","11":"shipping-taxable","12":"purchasable","13":"product-type-simple","14":"entry","15":"content-bg","16":"loop-entry"},"aioseo_notices":[],"_links":{"self":[{"href":"https:\/\/ortosenior.com.br\/index.php?rest_route=\/wp\/v2\/product\/1256","targetHints":{"allow":["GET"]}}],"collection":[{"href":"https:\/\/ortosenior.com.br\/index.php?rest_route=\/wp\/v2\/product"}],"about":[{"href":"https:\/\/ortosenior.com.br\/index.php?rest_route=\/wp\/v2\/types\/product"}],"wp:featuredmedia":[{"embeddable":true,"href":"https:\/\/ortosenior.com.br\/index.php?rest_route=\/wp\/v2\/media\/1257"}],"wp:attachment":[{"href":"https:\/\/ortosenior.com.br\/index.php?rest_route=%2Fwp%2Fv2%2Fmedia&parent=1256"}],"wp:term":[{"taxonomy":"product_brand","embeddable":true,"href":"https:\/\/ortosenior.com.br\/index.php?rest_route=%2Fwp%2Fv2%2Fproduct_brand&post=1256"},{"taxonomy":"product_cat","embeddable":true,"href":"https:\/\/ortosenior.com.br\/index.php?rest_route=%2Fwp%2Fv2%2Fproduct_cat&post=1256"},{"taxonomy":"product_tag","embeddable":true,"href":"https:\/\/ortosenior.com.br\/index.php?rest_route=%2Fwp%2Fv2%2Fproduct_tag&post=1256"}],"curies":[{"name":"wp","href":"https:\/\/api.w.org\/{rel}","templated":true}]}}