{"id":1414,"date":"2024-07-09T22:36:13","date_gmt":"2024-07-09T22:36:13","guid":{"rendered":"https:\/\/ortosenior.com.br\/?post_type=product&#038;p=1414"},"modified":"2025-01-02T16:35:15","modified_gmt":"2025-01-02T16:35:15","slug":"colete-de-jewett-ortofly","status":"publish","type":"product","link":"https:\/\/ortosenior.com.br\/?product=colete-de-jewett-ortofly","title":{"rendered":"Colete de Jewett &#8211; Ortofly.P-M-G e GG"},"content":{"rendered":"<p style=\"text-align: left\">O Colete de Jewett da Ortofly foi desenvolvido para auxiliar usu\u00e1rios com fraturas de compress\u00e3o, atrite vertebral, postura ci\u00f3fita e fraturas na coluna tor\u00e1cica. Ele promove seguran\u00e7a, conforto e sustenta\u00e7\u00e3o durante o uso e est\u00e1 dispon\u00edvel nos tamanhos: P, M, G e GG.<\/p>\n<p>&nbsp;<\/p>\n<p>Informa\u00e7\u00f5es adicionais:<\/p>\n<ul>\n<li>Tamanho P &#8211; Per\u00edmetro de circunfer\u00eancia 80 cm a 110 cm | Altura do tronco 42 cm | Largura do tronco 36 cm | Regulagem da largura do tronco 40 cm a 45 cm | Regulagem da altura do tronco 36 cm a 45 cm<\/li>\n<li>Tamanho M &#8211; Per\u00edmetro de circunfer\u00eancia 80 cm a 110 cm | Altura do tronco 44 cm | Largura do tronco 36 cm |Regulagem da largura do tronco 40 cm a 45 cm | Regulagem da altura do tronco 36 cm a 45 cm<\/li>\n<li>Tamanho G &#8211; Per\u00edmetro de circunfer\u00eancia 110 cm a 135 cm | Altura do tronco 48 cm | Largura do tronco 45 cm | Regulagem da largura do tronco 43 cm a 51 cm<\/li>\n<li>Tamanho GG &#8211; Per\u00edmetro de circunfer\u00eancia 110 cm a 135 cm | Altura do tronco 50 cm | Largura do tronco 45 cm | Regulagem da largura do tronco 43 cm a 51 cm<\/li>\n<\/ul>\n<p>&nbsp;<\/p>\n<p>Ficou na d\u00favida se esse \u00e9 o produto que procura? Ou n\u00e3o encontrou o produto que deseja, ent\u00e3o \u00e9 s\u00f3 chamar nosso time no WhatsApp:<\/p>\n","protected":false},"excerpt":{"rendered":"<p style=\"text-align: left\">Oi O Colete de Jewett da Ortofly foi desenvolvido para auxiliar usu\u00e1rios com fraturas de compress\u00e3o, atrite vertebral, postura cif\u00f3tica e fraturas na coluna tor\u00e1cica. Ele promove seguran\u00e7a, conforto e sustenta\u00e7\u00e3o durante o uso e est\u00e1 dispon\u00edvel nos tamanhos: P, M, G e GG.<\/p>\n<p>&nbsp;<\/p>\n","protected":false},"featured_media":1415,"template":"","meta":{"om_disable_all_campaigns":false,"_monsterinsights_skip_tracking":false,"_monsterinsights_sitenote_active":false,"_monsterinsights_sitenote_note":"","_monsterinsights_sitenote_category":0,"_kadence_starter_templates_imported_post":false,"_kad_post_transparent":"default","_kad_post_title":"","_kad_post_layout":"default","_kad_post_sidebar_id":"","_kad_post_content_style":"default","_kad_post_vertical_padding":"default","_kad_post_feature":"","_kad_post_feature_position":"","_kad_post_header":false,"_kad_post_footer":false},"product_brand":[],"product_cat":[56,47],"product_tag":[],"class_list":{"0":"post-1414","1":"product","2":"type-product","3":"status-publish","4":"has-post-thumbnail","6":"product_cat-loja-de-produtos-medicos-e-ortopedicos-em-florianopolis-e-regiao","7":"product_cat-ortopedia","9":"first","10":"instock","11":"shipping-taxable","12":"purchasable","13":"product-type-simple","14":"entry","15":"content-bg","16":"loop-entry"},"aioseo_notices":[],"_links":{"self":[{"href":"https:\/\/ortosenior.com.br\/index.php?rest_route=\/wp\/v2\/product\/1414","targetHints":{"allow":["GET"]}}],"collection":[{"href":"https:\/\/ortosenior.com.br\/index.php?rest_route=\/wp\/v2\/product"}],"about":[{"href":"https:\/\/ortosenior.com.br\/index.php?rest_route=\/wp\/v2\/types\/product"}],"wp:featuredmedia":[{"embeddable":true,"href":"https:\/\/ortosenior.com.br\/index.php?rest_route=\/wp\/v2\/media\/1415"}],"wp:attachment":[{"href":"https:\/\/ortosenior.com.br\/index.php?rest_route=%2Fwp%2Fv2%2Fmedia&parent=1414"}],"wp:term":[{"taxonomy":"product_brand","embeddable":true,"href":"https:\/\/ortosenior.com.br\/index.php?rest_route=%2Fwp%2Fv2%2Fproduct_brand&post=1414"},{"taxonomy":"product_cat","embeddable":true,"href":"https:\/\/ortosenior.com.br\/index.php?rest_route=%2Fwp%2Fv2%2Fproduct_cat&post=1414"},{"taxonomy":"product_tag","embeddable":true,"href":"https:\/\/ortosenior.com.br\/index.php?rest_route=%2Fwp%2Fv2%2Fproduct_tag&post=1414"}],"curies":[{"name":"wp","href":"https:\/\/api.w.org\/{rel}","templated":true}]}}