{"id":1443,"date":"2024-07-13T15:54:40","date_gmt":"2024-07-13T15:54:40","guid":{"rendered":"https:\/\/ortosenior.com.br\/?post_type=product&#038;p=1443"},"modified":"2025-01-02T16:35:07","modified_gmt":"2025-01-02T16:35:07","slug":"bolsa-termica-de-gel-hotcold-ortho-pauher","status":"publish","type":"product","link":"https:\/\/ortosenior.com.br\/?product=bolsa-termica-de-gel-hotcold-ortho-pauher","title":{"rendered":"Bolsa T\u00e9rmica De Gel Hotcold  Ortho Pauher"},"content":{"rendered":"<p>Indicada para terapias quente ou frio no al\u00edvio das dores cr\u00f4nicas e agudas (cabe\u00e7a\/dente), dores na coluna, les\u00f5es musculares, contus\u00f5es, torcicolos, processos inflamat\u00f3rios, febres, c\u00f3licas, hematomas e p\u00f3s-operat\u00f3rios de cirurgias pl\u00e1sticas.<\/p>\n<p>A Bolsa T\u00e9rmica Gel Hot-Cold foi especialmente desenvolvida para substituir as tradicionais bolsas de \u00e1gua. A Bolsa T\u00e9rmica Gel Hot-Cold molda-se perfeitamente ao corpo e pode ser utilizada em temperaturas de -20\u00baC graus at\u00e9 + 65\u00baC graus sem perder suas propriedades de maciez, flexibilidade e reutiliza\u00e7\u00e3o.<\/p>\n<p>Composi\u00e7\u00e3o:<br \/>\nCamadas de poliamida \/ polietileno internamente e externamente. Gel: pol\u00edmero vin\u00edlico, Tea, conservante e agente anticongelante.<\/p>\n<p>Garantia: contra defeitos de fabrica\u00e7\u00e3o.<br \/>\nRegistro na Anvisa: 80223340010<br \/>\nGarantia_numeral: 3<br \/>\nmodelo: HotCold 400ml<\/p>\n","protected":false},"excerpt":{"rendered":"<p>Bolsa T\u00e9rmica Gel HotCold 400ml Ortho Pauher<\/p>\n","protected":false},"featured_media":1559,"template":"","meta":{"om_disable_all_campaigns":false,"_monsterinsights_skip_tracking":false,"_monsterinsights_sitenote_active":false,"_monsterinsights_sitenote_note":"","_monsterinsights_sitenote_category":0,"_kadence_starter_templates_imported_post":false,"_kad_post_transparent":"default","_kad_post_title":"","_kad_post_layout":"default","_kad_post_sidebar_id":"","_kad_post_content_style":"default","_kad_post_vertical_padding":"default","_kad_post_feature":"","_kad_post_feature_position":"","_kad_post_header":false,"_kad_post_footer":false},"product_brand":[],"product_cat":[56,47,49],"product_tag":[],"class_list":{"0":"post-1443","1":"product","2":"type-product","3":"status-publish","4":"has-post-thumbnail","6":"product_cat-loja-de-produtos-medicos-e-ortopedicos-em-florianopolis-e-regiao","7":"product_cat-ortopedia","8":"product_cat-pos-operatorio","10":"first","11":"instock","12":"shipping-taxable","13":"purchasable","14":"product-type-simple","15":"entry","16":"content-bg","17":"loop-entry"},"aioseo_notices":[],"_links":{"self":[{"href":"https:\/\/ortosenior.com.br\/index.php?rest_route=\/wp\/v2\/product\/1443","targetHints":{"allow":["GET"]}}],"collection":[{"href":"https:\/\/ortosenior.com.br\/index.php?rest_route=\/wp\/v2\/product"}],"about":[{"href":"https:\/\/ortosenior.com.br\/index.php?rest_route=\/wp\/v2\/types\/product"}],"wp:featuredmedia":[{"embeddable":true,"href":"https:\/\/ortosenior.com.br\/index.php?rest_route=\/wp\/v2\/media\/1559"}],"wp:attachment":[{"href":"https:\/\/ortosenior.com.br\/index.php?rest_route=%2Fwp%2Fv2%2Fmedia&parent=1443"}],"wp:term":[{"taxonomy":"product_brand","embeddable":true,"href":"https:\/\/ortosenior.com.br\/index.php?rest_route=%2Fwp%2Fv2%2Fproduct_brand&post=1443"},{"taxonomy":"product_cat","embeddable":true,"href":"https:\/\/ortosenior.com.br\/index.php?rest_route=%2Fwp%2Fv2%2Fproduct_cat&post=1443"},{"taxonomy":"product_tag","embeddable":true,"href":"https:\/\/ortosenior.com.br\/index.php?rest_route=%2Fwp%2Fv2%2Fproduct_tag&post=1443"}],"curies":[{"name":"wp","href":"https:\/\/api.w.org\/{rel}","templated":true}]}}