{"id":1445,"date":"2024-07-13T16:04:45","date_gmt":"2024-07-13T16:04:45","guid":{"rendered":"https:\/\/ortosenior.com.br\/?post_type=product&#038;p=1445"},"modified":"2025-01-02T16:34:58","modified_gmt":"2025-01-02T16:34:58","slug":"assento-de-vaso-elevado-almofadado-135cm-mebuki","status":"publish","type":"product","link":"https:\/\/ortosenior.com.br\/?product=assento-de-vaso-elevado-almofadado-135cm-mebuki","title":{"rendered":"Assento De Vaso Elevado Almofadado 13,5cm &#8211; MEBUKI"},"content":{"rendered":"<p>CARACTER\u00cdSTICAS-<br \/>\nAltura do Assento: 7,5cm-<br \/>\nAssento: 44cm x 39cm x 9cm- Indicado para Vasos Sanit\u00e1rios Modelos Ovais- Formato: Oval- Tipo de Material: Polietileno- Peso do Produto: 1,8 Kg-<br \/>\nTipo de Material da Fixa\u00e7\u00e3o: NylonCOMPATIBILIDADE:- Marca Vaso: Sanit\u00e1rio da Marca Celite, Deca, Duravit, Eternit, Icasa, Importado, Incepa, Jacuzzi, Laufen, Logasa, Luzarte, Roca e Santamarina- Modelo Vaso: Az\u00e1lea, Diamantina, Eco, Flamingo, Izy, Perfecta, Ravena, Sabar\u00e1, Saveiro, Studio e Targa<br \/>\nACOMPANHA:- Assento Sanit\u00e1rio Especial Elevado Almofadado 13,5cm Branco Mebuki- Pe\u00e7as de Instala\u00e7\u00e3o<\/p>\n","protected":false},"excerpt":{"rendered":"<p>Assento De Vaso Elevado Almofadado 13,5cm &#8211; MEBUKI<\/p>\n","protected":false},"featured_media":1446,"template":"","meta":{"om_disable_all_campaigns":false,"_monsterinsights_skip_tracking":false,"_monsterinsights_sitenote_active":false,"_monsterinsights_sitenote_note":"","_monsterinsights_sitenote_category":0,"_kadence_starter_templates_imported_post":false,"_kad_post_transparent":"default","_kad_post_title":"","_kad_post_layout":"default","_kad_post_sidebar_id":"","_kad_post_content_style":"default","_kad_post_vertical_padding":"default","_kad_post_feature":"","_kad_post_feature_position":"","_kad_post_header":false,"_kad_post_footer":false},"product_brand":[],"product_cat":[56,47,49],"product_tag":[],"class_list":{"0":"post-1445","1":"product","2":"type-product","3":"status-publish","4":"has-post-thumbnail","6":"product_cat-loja-de-produtos-medicos-e-ortopedicos-em-florianopolis-e-regiao","7":"product_cat-ortopedia","8":"product_cat-pos-operatorio","10":"first","11":"instock","12":"shipping-taxable","13":"purchasable","14":"product-type-simple","15":"entry","16":"content-bg","17":"loop-entry"},"aioseo_notices":[],"_links":{"self":[{"href":"https:\/\/ortosenior.com.br\/index.php?rest_route=\/wp\/v2\/product\/1445","targetHints":{"allow":["GET"]}}],"collection":[{"href":"https:\/\/ortosenior.com.br\/index.php?rest_route=\/wp\/v2\/product"}],"about":[{"href":"https:\/\/ortosenior.com.br\/index.php?rest_route=\/wp\/v2\/types\/product"}],"wp:featuredmedia":[{"embeddable":true,"href":"https:\/\/ortosenior.com.br\/index.php?rest_route=\/wp\/v2\/media\/1446"}],"wp:attachment":[{"href":"https:\/\/ortosenior.com.br\/index.php?rest_route=%2Fwp%2Fv2%2Fmedia&parent=1445"}],"wp:term":[{"taxonomy":"product_brand","embeddable":true,"href":"https:\/\/ortosenior.com.br\/index.php?rest_route=%2Fwp%2Fv2%2Fproduct_brand&post=1445"},{"taxonomy":"product_cat","embeddable":true,"href":"https:\/\/ortosenior.com.br\/index.php?rest_route=%2Fwp%2Fv2%2Fproduct_cat&post=1445"},{"taxonomy":"product_tag","embeddable":true,"href":"https:\/\/ortosenior.com.br\/index.php?rest_route=%2Fwp%2Fv2%2Fproduct_tag&post=1445"}],"curies":[{"name":"wp","href":"https:\/\/api.w.org\/{rel}","templated":true}]}}