{"id":1464,"date":"2024-07-15T00:40:17","date_gmt":"2024-07-15T00:40:17","guid":{"rendered":"https:\/\/ortosenior.com.br\/?post_type=product&#038;p=1464"},"modified":"2025-01-02T16:34:06","modified_gmt":"2025-01-02T16:34:06","slug":"almofada-massageadora-shiatsu","status":"publish","type":"product","link":"https:\/\/ortosenior.com.br\/?product=almofada-massageadora-shiatsu","title":{"rendered":"Almofada Massageadora Shiatsu"},"content":{"rendered":"<p>Almofada Massageadora Shiatsu Dellamed possui um design anat\u00f4mico, facilitando seu uso em casa ou no carro. Cont\u00e9m sistema de aquecimento que auxilia na circula\u00e7\u00e3o sangu\u00ednea. Especifica\u00e7\u00f5es T\u00e9cnicas: 20W de pot\u00eancia; Peso do produto: 0,95 Kg; Dimens\u00f5es do produto: Largura: 34 cm Comprimento: 10 cm A Altura: 19 cm; Bivolt;Fonte veicular (12V). Caracter\u00edsticas:2 massageadores bidirecionais de 360o; Possui op\u00e7\u00e3o de aquecimento para auxiliar na circula\u00e7\u00e3o sangu\u00ednea; Desligamento autom\u00e1tico;Fonte bivolt e fonte veicular (12V) inclusas; Cinta el\u00e1stica para fixa\u00e7\u00e3o no banco do carro, ou em cadeiras com encosto de cabe\u00e7a. Conte\u00fado da Embalagem:1 massageador;2 fontes.Garantia:12 meses, sendo 03 meses de garantia legal e 09 meses adicionais.<\/p>\n","protected":false},"excerpt":{"rendered":"<p>Almofada Massageadora Shiatsu.<\/p>\n<p>Entre em contato pelo WhatsApp e saiba mais.<\/p>\n","protected":false},"featured_media":1465,"template":"","meta":{"om_disable_all_campaigns":false,"_monsterinsights_skip_tracking":false,"_monsterinsights_sitenote_active":false,"_monsterinsights_sitenote_note":"","_monsterinsights_sitenote_category":0,"_kadence_starter_templates_imported_post":false,"_kad_post_transparent":"default","_kad_post_title":"","_kad_post_layout":"default","_kad_post_sidebar_id":"","_kad_post_content_style":"default","_kad_post_vertical_padding":"default","_kad_post_feature":"","_kad_post_feature_position":"","_kad_post_header":false,"_kad_post_footer":false},"product_brand":[],"product_cat":[56,47],"product_tag":[],"class_list":{"0":"post-1464","1":"product","2":"type-product","3":"status-publish","4":"has-post-thumbnail","6":"product_cat-loja-de-produtos-medicos-e-ortopedicos-em-florianopolis-e-regiao","7":"product_cat-ortopedia","9":"first","10":"instock","11":"shipping-taxable","12":"purchasable","13":"product-type-simple","14":"entry","15":"content-bg","16":"loop-entry"},"aioseo_notices":[],"_links":{"self":[{"href":"https:\/\/ortosenior.com.br\/index.php?rest_route=\/wp\/v2\/product\/1464","targetHints":{"allow":["GET"]}}],"collection":[{"href":"https:\/\/ortosenior.com.br\/index.php?rest_route=\/wp\/v2\/product"}],"about":[{"href":"https:\/\/ortosenior.com.br\/index.php?rest_route=\/wp\/v2\/types\/product"}],"wp:featuredmedia":[{"embeddable":true,"href":"https:\/\/ortosenior.com.br\/index.php?rest_route=\/wp\/v2\/media\/1465"}],"wp:attachment":[{"href":"https:\/\/ortosenior.com.br\/index.php?rest_route=%2Fwp%2Fv2%2Fmedia&parent=1464"}],"wp:term":[{"taxonomy":"product_brand","embeddable":true,"href":"https:\/\/ortosenior.com.br\/index.php?rest_route=%2Fwp%2Fv2%2Fproduct_brand&post=1464"},{"taxonomy":"product_cat","embeddable":true,"href":"https:\/\/ortosenior.com.br\/index.php?rest_route=%2Fwp%2Fv2%2Fproduct_cat&post=1464"},{"taxonomy":"product_tag","embeddable":true,"href":"https:\/\/ortosenior.com.br\/index.php?rest_route=%2Fwp%2Fv2%2Fproduct_tag&post=1464"}],"curies":[{"name":"wp","href":"https:\/\/api.w.org\/{rel}","templated":true}]}}