{"id":1486,"date":"2024-07-16T00:49:06","date_gmt":"2024-07-16T00:49:06","guid":{"rendered":"https:\/\/ortosenior.com.br\/?post_type=product&#038;p=1486"},"modified":"2025-01-02T16:33:55","modified_gmt":"2025-01-02T16:33:55","slug":"colete-lombar-putti-elastico-baixo-bege","status":"publish","type":"product","link":"https:\/\/ortosenior.com.br\/?product=colete-lombar-putti-elastico-baixo-bege","title":{"rendered":"COLETE LOMBAR PUTTI EL\u00c1STICO BAIXO &#8211; BEGE. P-M-G e GG"},"content":{"rendered":"<p>Indicado para estabiliza\u00e7\u00e3o da coluna lombo-sacra em casos de: h\u00e9rnias de disco, oper\u00e1veis ou n\u00e3o, traumas de coluna, espondilolisteses, fraturas osteopor\u00f3ticas, artroses, lordoses, p\u00f3s-operat\u00f3rio e outros problemas que necessitam de estabiliza\u00e7\u00e3o.<\/p>\n<p>INFORMA\u00c7\u00d5ES T\u00c9CNICAS<br \/>\nRefer\u00eancia:<br \/>\nKSO115-BG<\/p>\n<p>Tamanhos:<br \/>\nCircunfer\u00eancia da Cintura<br \/>\n65cm &#8211; 86cm (P)<br \/>\n75cm &#8211; 96cm (M)<br \/>\n85cm &#8211; 106cm (G)<br \/>\n100cm &#8211; 116cm (GG)<\/p>\n<p>Composi\u00e7\u00e3o:<br \/>\n70% Poli\u00e9ster<br \/>\n30% Elastodieno<\/p>\n","protected":false},"excerpt":{"rendered":"<p>COLETE LOMBAR PUTTI EL\u00c1STICO BAIXO &#8211; BEGE<\/p>\n","protected":false},"featured_media":1488,"template":"","meta":{"om_disable_all_campaigns":false,"_monsterinsights_skip_tracking":false,"_monsterinsights_sitenote_active":false,"_monsterinsights_sitenote_note":"","_monsterinsights_sitenote_category":0,"_kadence_starter_templates_imported_post":false,"_kad_post_transparent":"default","_kad_post_title":"","_kad_post_layout":"default","_kad_post_sidebar_id":"","_kad_post_content_style":"default","_kad_post_vertical_padding":"default","_kad_post_feature":"","_kad_post_feature_position":"","_kad_post_header":false,"_kad_post_footer":false},"product_brand":[],"product_cat":[56,47],"product_tag":[],"class_list":{"0":"post-1486","1":"product","2":"type-product","3":"status-publish","4":"has-post-thumbnail","6":"product_cat-loja-de-produtos-medicos-e-ortopedicos-em-florianopolis-e-regiao","7":"product_cat-ortopedia","9":"first","10":"instock","11":"shipping-taxable","12":"purchasable","13":"product-type-simple","14":"entry","15":"content-bg","16":"loop-entry"},"aioseo_notices":[],"_links":{"self":[{"href":"https:\/\/ortosenior.com.br\/index.php?rest_route=\/wp\/v2\/product\/1486","targetHints":{"allow":["GET"]}}],"collection":[{"href":"https:\/\/ortosenior.com.br\/index.php?rest_route=\/wp\/v2\/product"}],"about":[{"href":"https:\/\/ortosenior.com.br\/index.php?rest_route=\/wp\/v2\/types\/product"}],"wp:featuredmedia":[{"embeddable":true,"href":"https:\/\/ortosenior.com.br\/index.php?rest_route=\/wp\/v2\/media\/1488"}],"wp:attachment":[{"href":"https:\/\/ortosenior.com.br\/index.php?rest_route=%2Fwp%2Fv2%2Fmedia&parent=1486"}],"wp:term":[{"taxonomy":"product_brand","embeddable":true,"href":"https:\/\/ortosenior.com.br\/index.php?rest_route=%2Fwp%2Fv2%2Fproduct_brand&post=1486"},{"taxonomy":"product_cat","embeddable":true,"href":"https:\/\/ortosenior.com.br\/index.php?rest_route=%2Fwp%2Fv2%2Fproduct_cat&post=1486"},{"taxonomy":"product_tag","embeddable":true,"href":"https:\/\/ortosenior.com.br\/index.php?rest_route=%2Fwp%2Fv2%2Fproduct_tag&post=1486"}],"curies":[{"name":"wp","href":"https:\/\/api.w.org\/{rel}","templated":true}]}}