{"id":1497,"date":"2024-07-16T01:01:22","date_gmt":"2024-07-16T01:01:22","guid":{"rendered":"https:\/\/ortosenior.com.br\/?post_type=product&#038;p=1497"},"modified":"2025-01-02T16:33:47","modified_gmt":"2025-01-02T16:33:47","slug":"shaker-classic","status":"publish","type":"product","link":"https:\/\/ortosenior.com.br\/?product=shaker-classic","title":{"rendered":"Shaker Classic"},"content":{"rendered":"<p>Composi\u00e7\u00e3o<br \/>\n\u2022 Corpo principal de polipropileno, formado por um bra\u00e7o tubular ligado, em \u00e2ngulo de aproximadamente 30\u00ba, a uma c\u00e2mara de maior di\u00e2metro (1);<\/p>\n<p>\u2022 Um cone, de polipropileno, que se encaixa na c\u00e2mara do corpo principal (1b); uma esfera de a\u00e7o carbono, niquelada que se adapta ao cone;<\/p>\n<p>\u2022 Uma tampa de polipropileno que se prende por rosca \u00e0 parte superior da c\u00e2mera, contendo uma s\u00e9rie de 12 orif\u00edcios (4);<\/p>\n<p>\u2022 Bocal de polipropileno, que se adapta ao bra\u00e7o tubular do corpo principal (7);<\/p>\n<p>\u2022 A armazenagem dever\u00e1 ser em local fresco e seco, ao abrigo da luz solar e as caixas de acondicionamento dever\u00e3o ficar sobre estrados.<\/p>\n<p>Conte\u00fado da embalagem<br \/>\n\u2022 01 Shaker Classic;<br \/>\n\u2022 01 Manual de uso<\/p>\n<p>Dimens\u00f5es e informa\u00e7\u00f5es adicionais<br \/>\n\u2022 Peso: 112g;<br \/>\n\u2022 Corpo 4,15cm x 8,6cm (A x L);<br \/>\n\u2022 Tampa: 4,2cm x 2,6cm;<\/p>\n<p>\u2022 Cone: 3,2cm x 1,45cm.<br \/>\n\u2022 Garantia<br \/>\n\u2022 3 meses<\/p>\n","protected":false},"excerpt":{"rendered":"<p>Shaker Classic<\/p>\n","protected":false},"featured_media":1498,"template":"","meta":{"om_disable_all_campaigns":false,"_monsterinsights_skip_tracking":false,"_monsterinsights_sitenote_active":false,"_monsterinsights_sitenote_note":"","_monsterinsights_sitenote_category":0,"_kadence_starter_templates_imported_post":false,"_kad_post_transparent":"default","_kad_post_title":"","_kad_post_layout":"default","_kad_post_sidebar_id":"","_kad_post_content_style":"default","_kad_post_vertical_padding":"default","_kad_post_feature":"","_kad_post_feature_position":"","_kad_post_header":false,"_kad_post_footer":false},"product_brand":[],"product_cat":[56,48],"product_tag":[],"class_list":{"0":"post-1497","1":"product","2":"type-product","3":"status-publish","4":"has-post-thumbnail","6":"product_cat-loja-de-produtos-medicos-e-ortopedicos-em-florianopolis-e-regiao","7":"product_cat-respiratorio","9":"first","10":"instock","11":"shipping-taxable","12":"purchasable","13":"product-type-simple","14":"entry","15":"content-bg","16":"loop-entry"},"aioseo_notices":[],"_links":{"self":[{"href":"https:\/\/ortosenior.com.br\/index.php?rest_route=\/wp\/v2\/product\/1497","targetHints":{"allow":["GET"]}}],"collection":[{"href":"https:\/\/ortosenior.com.br\/index.php?rest_route=\/wp\/v2\/product"}],"about":[{"href":"https:\/\/ortosenior.com.br\/index.php?rest_route=\/wp\/v2\/types\/product"}],"wp:featuredmedia":[{"embeddable":true,"href":"https:\/\/ortosenior.com.br\/index.php?rest_route=\/wp\/v2\/media\/1498"}],"wp:attachment":[{"href":"https:\/\/ortosenior.com.br\/index.php?rest_route=%2Fwp%2Fv2%2Fmedia&parent=1497"}],"wp:term":[{"taxonomy":"product_brand","embeddable":true,"href":"https:\/\/ortosenior.com.br\/index.php?rest_route=%2Fwp%2Fv2%2Fproduct_brand&post=1497"},{"taxonomy":"product_cat","embeddable":true,"href":"https:\/\/ortosenior.com.br\/index.php?rest_route=%2Fwp%2Fv2%2Fproduct_cat&post=1497"},{"taxonomy":"product_tag","embeddable":true,"href":"https:\/\/ortosenior.com.br\/index.php?rest_route=%2Fwp%2Fv2%2Fproduct_tag&post=1497"}],"curies":[{"name":"wp","href":"https:\/\/api.w.org\/{rel}","templated":true}]}}