{"id":1500,"date":"2024-07-16T01:05:14","date_gmt":"2024-07-16T01:05:14","guid":{"rendered":"https:\/\/ortosenior.com.br\/?post_type=product&#038;p=1500"},"modified":"2025-01-02T16:33:38","modified_gmt":"2025-01-02T16:33:38","slug":"respiron-kids","status":"publish","type":"product","link":"https:\/\/ortosenior.com.br\/?product=respiron-kids","title":{"rendered":"RESPIRON KIDS"},"content":{"rendered":"<p>Composi\u00e7\u00e3o<br \/>\n\u2022 Corpo: Poliestireno cristal;<br \/>\n\u2022 Mangueira: Polietileno;<br \/>\n\u2022 Bocal: Polipropileno.<\/p>\n<p>Conte\u00fado da embalagem<br \/>\n\u2022 01 Respiron Kids;<\/p>\n<p>\u2022 01 Mangueira com bocal;<br \/>\n\u2022 01 Manual de uso.<\/p>\n<p>Dimens\u00f5es e informa\u00e7\u00f5es adicionais<br \/>\n\u2022 Peso: 182g;<br \/>\n\u2022 Corpo: 14,2cm x 13,5cm x 7cm (A x L x P);<\/p>\n<p>\u2022 Mangueira: 26,6cm x 1,6cm (comprimento x di\u00e2metro);<br \/>\n\u2022 N\u00edvel de esfor\u00e7o: Baixo;<br \/>\n\u2022 Regulagem do anel:<br \/>\n0 &#8211; F\u00e1cil;<br \/>\n1 &#8211; Leve;<br \/>\n2 &#8211; Dif\u00edcil;<br \/>\n3 &#8211; Muito dif\u00edcil.<br \/>\n\u2022 Garantia<br \/>\n\u2022 3 meses<\/p>\n","protected":false},"excerpt":{"rendered":"<p>RESPIRON KIDS<\/p>\n","protected":false},"featured_media":1501,"template":"","meta":{"om_disable_all_campaigns":false,"_monsterinsights_skip_tracking":false,"_monsterinsights_sitenote_active":false,"_monsterinsights_sitenote_note":"","_monsterinsights_sitenote_category":0,"_kadence_starter_templates_imported_post":false,"_kad_post_transparent":"default","_kad_post_title":"","_kad_post_layout":"default","_kad_post_sidebar_id":"","_kad_post_content_style":"default","_kad_post_vertical_padding":"default","_kad_post_feature":"","_kad_post_feature_position":"","_kad_post_header":false,"_kad_post_footer":false},"product_brand":[],"product_cat":[56,48],"product_tag":[],"class_list":{"0":"post-1500","1":"product","2":"type-product","3":"status-publish","4":"has-post-thumbnail","6":"product_cat-loja-de-produtos-medicos-e-ortopedicos-em-florianopolis-e-regiao","7":"product_cat-respiratorio","9":"first","10":"instock","11":"shipping-taxable","12":"purchasable","13":"product-type-simple","14":"entry","15":"content-bg","16":"loop-entry"},"aioseo_notices":[],"_links":{"self":[{"href":"https:\/\/ortosenior.com.br\/index.php?rest_route=\/wp\/v2\/product\/1500","targetHints":{"allow":["GET"]}}],"collection":[{"href":"https:\/\/ortosenior.com.br\/index.php?rest_route=\/wp\/v2\/product"}],"about":[{"href":"https:\/\/ortosenior.com.br\/index.php?rest_route=\/wp\/v2\/types\/product"}],"wp:featuredmedia":[{"embeddable":true,"href":"https:\/\/ortosenior.com.br\/index.php?rest_route=\/wp\/v2\/media\/1501"}],"wp:attachment":[{"href":"https:\/\/ortosenior.com.br\/index.php?rest_route=%2Fwp%2Fv2%2Fmedia&parent=1500"}],"wp:term":[{"taxonomy":"product_brand","embeddable":true,"href":"https:\/\/ortosenior.com.br\/index.php?rest_route=%2Fwp%2Fv2%2Fproduct_brand&post=1500"},{"taxonomy":"product_cat","embeddable":true,"href":"https:\/\/ortosenior.com.br\/index.php?rest_route=%2Fwp%2Fv2%2Fproduct_cat&post=1500"},{"taxonomy":"product_tag","embeddable":true,"href":"https:\/\/ortosenior.com.br\/index.php?rest_route=%2Fwp%2Fv2%2Fproduct_tag&post=1500"}],"curies":[{"name":"wp","href":"https:\/\/api.w.org\/{rel}","templated":true}]}}