{"id":1512,"date":"2024-07-16T01:19:56","date_gmt":"2024-07-16T01:19:56","guid":{"rendered":"https:\/\/ortosenior.com.br\/?post_type=product&#038;p=1512"},"modified":"2025-01-02T16:32:06","modified_gmt":"2025-01-02T16:32:06","slug":"tala-imobilizadora-para-punho","status":"publish","type":"product","link":"https:\/\/ortosenior.com.br\/?product=tala-imobilizadora-para-punho","title":{"rendered":"TALA IMOBILIZADORA  PARA PUNHO. P-M-G"},"content":{"rendered":"<p>Indica\u00e7\u00f5es<br \/>\nTendinites;<br \/>\nTenossinovites do punho;<br \/>\nArtroses;<br \/>\nLes\u00f5es ligamentares;<br \/>\nArtrites reumatoides e outras afec\u00e7\u00f5es da regi\u00e3o.<br \/>\nComposi\u00e7\u00e3o<br \/>\nTecido 100% Algod\u00e3o;<br \/>\nFecho em velcro;<br \/>\nRefor\u00e7o interno de pl\u00e1stico r\u00edgido.<br \/>\nDiferenciais e benef\u00edcios<br \/>\nPrevine les\u00f5es;<br \/>\nAlto padr\u00e3o de qualidade.<br \/>\nModo de Usar<br \/>\n&#8211; Abrir completamente a tala. Observar o lado correto da tala. Colocar o polegar no orif\u00edcio;<br \/>\n&#8211; O pl\u00e1stico r\u00edgido dever\u00e1 se encaixar perfeitamente no punho e na palma da m\u00e3o;<br \/>\n&#8211; Inserir os fechos de velcro no passante de metal ajustando-os para que a imobiliza\u00e7\u00e3o seja completa;<br \/>\nImportante: N\u00e3o apertar demais para n\u00e3o dificultar a circula\u00e7\u00e3o sangu\u00ednea.<br \/>\nAltura do produto (cm)<br \/>\n2,5<br \/>\nLargura do produto (cm)<br \/>\n9<br \/>\nPeso l\u00edquido (Kg)<br \/>\n0,055<br \/>\nHigiene e Conserva\u00e7\u00e3o<br \/>\nLavar com sab\u00e3o neutro;<br \/>\nEsfregar com escova macia;<br \/>\nN\u00e3o torcer;<br \/>\nSecar \u00e0 sombra.<br \/>\nGarantia<br \/>\n3 meses<br \/>\nRegistro ANVISA<br \/>\n10335910017<\/p>\n","protected":false},"excerpt":{"rendered":"<p>Tala IMOBILIZADORA para punho<\/p>\n","protected":false},"featured_media":1513,"template":"","meta":{"om_disable_all_campaigns":false,"_monsterinsights_skip_tracking":false,"_monsterinsights_sitenote_active":false,"_monsterinsights_sitenote_note":"","_monsterinsights_sitenote_category":0,"_kadence_starter_templates_imported_post":false,"_kad_post_transparent":"default","_kad_post_title":"","_kad_post_layout":"default","_kad_post_sidebar_id":"","_kad_post_content_style":"default","_kad_post_vertical_padding":"default","_kad_post_feature":"","_kad_post_feature_position":"","_kad_post_header":false,"_kad_post_footer":false},"product_brand":[],"product_cat":[56,47],"product_tag":[],"class_list":{"0":"post-1512","1":"product","2":"type-product","3":"status-publish","4":"has-post-thumbnail","6":"product_cat-loja-de-produtos-medicos-e-ortopedicos-em-florianopolis-e-regiao","7":"product_cat-ortopedia","9":"first","10":"instock","11":"shipping-taxable","12":"purchasable","13":"product-type-simple","14":"entry","15":"content-bg","16":"loop-entry"},"aioseo_notices":[],"_links":{"self":[{"href":"https:\/\/ortosenior.com.br\/index.php?rest_route=\/wp\/v2\/product\/1512","targetHints":{"allow":["GET"]}}],"collection":[{"href":"https:\/\/ortosenior.com.br\/index.php?rest_route=\/wp\/v2\/product"}],"about":[{"href":"https:\/\/ortosenior.com.br\/index.php?rest_route=\/wp\/v2\/types\/product"}],"wp:featuredmedia":[{"embeddable":true,"href":"https:\/\/ortosenior.com.br\/index.php?rest_route=\/wp\/v2\/media\/1513"}],"wp:attachment":[{"href":"https:\/\/ortosenior.com.br\/index.php?rest_route=%2Fwp%2Fv2%2Fmedia&parent=1512"}],"wp:term":[{"taxonomy":"product_brand","embeddable":true,"href":"https:\/\/ortosenior.com.br\/index.php?rest_route=%2Fwp%2Fv2%2Fproduct_brand&post=1512"},{"taxonomy":"product_cat","embeddable":true,"href":"https:\/\/ortosenior.com.br\/index.php?rest_route=%2Fwp%2Fv2%2Fproduct_cat&post=1512"},{"taxonomy":"product_tag","embeddable":true,"href":"https:\/\/ortosenior.com.br\/index.php?rest_route=%2Fwp%2Fv2%2Fproduct_tag&post=1512"}],"curies":[{"name":"wp","href":"https:\/\/api.w.org\/{rel}","templated":true}]}}