{"id":1516,"date":"2024-07-16T01:24:18","date_gmt":"2024-07-16T01:24:18","guid":{"rendered":"https:\/\/ortosenior.com.br\/?post_type=product&#038;p=1516"},"modified":"2025-01-02T16:31:55","modified_gmt":"2025-01-02T16:31:55","slug":"respiron-classic","status":"publish","type":"product","link":"https:\/\/ortosenior.com.br\/?product=respiron-classic","title":{"rendered":"RESPIRON CLASSIC"},"content":{"rendered":"<p>Indica\u00e7\u00f5es<br \/>\nO exercitador e incentivador respirat\u00f3rio &#8220;Respiron Classic&#8221; foi desenvolvido visando o fortalecimento da musculatura inspirat\u00f3ria, entre eles o principal m\u00fasculo, o diafragma. Indicado para pessoas sedent\u00e1rias, pr\u00e9 e p\u00f3s-operat\u00f3rio (especialmente bari\u00e1trica, abdominais e tor\u00e1cicas) tratamento de atelectasias. Produto livre de prescri\u00e7\u00e3o m\u00e9dica.<br \/>\nO produto \u00e9 transparente e possui tr\u00eas colunas de esferas com cores diferentes que, quando em movimento, tornam o exerc\u00edcio l\u00fadico permitindo constata\u00e7\u00e3o da evolu\u00e7\u00e3o do treinamento. Na base da primeira coluna possui um anel regulador, numerado de zero a tr\u00eas, permitindo aumentar o esfor\u00e7o assim que vencido o desafio do n\u00edvel anterior e assim sucessivamente. O aparelho \u00e9 de uso individual, n\u00e3o autolav\u00e1vel e at\u00f3xico.<br \/>\nBenef\u00edcios adicionais: exercita a musculatura respirat\u00f3ria; diminui a sensa\u00e7\u00e3o de cansa\u00e7o, importante auxiliar na preven\u00e7\u00e3o de doen\u00e7as pulmonares; ideal para diminuir a falta de ar em atividades do cotidiano como caminhar, subir escadas e muitas outras.<br \/>\n\u00c9 f\u00e1cil de usar, \u00e9 livre de prescri\u00e7\u00e3o, al\u00e9m de proporcionar sa\u00fade respirat\u00f3ria sem o uso de medicamentos (&#8220;drug free&#8221;).<br \/>\nOBS: s\u00f3 5 minutos ao dia &#8211; resultado em 4 semanas!!!<br \/>\n* Equipamento de uso individual.<br \/>\nComo realizar os exerc\u00edcios com o RESPIRON?<br \/>\n1. Mantenha o aparelho na embalagem quando fora de uso.<br \/>\n2. Higienize o bocal e a mangueira antes e depois de cada sess\u00e3o de exerc\u00edcios;<br \/>\n3. Fa\u00e7a os exerc\u00edcios na posi\u00e7\u00e3o que se sentir mais confort\u00e1vel e relaxado: em p\u00e9, sentado ou com eleva\u00e7\u00e3o da cabeceira;<br \/>\n4. Antes de iniciar, ajuste a gradua\u00e7\u00e3o dos RESPIRON. Realize uma expira\u00e7\u00e3o tranquila, quando sentir que todo o ar foi expirado ajuste o bocal aos l\u00e1bios e inspire (puxe o ar com a boca, n\u00e3o sopre!). Desta forma as esferas v\u00e3o se elevar sequencialmente (veja figuras abaixo);<br \/>\n5. O ideal \u00e9 mant\u00ea-las elevadas por alguns segundos;<br \/>\n6. Retire o bocal dos l\u00e1bios quando concluir a inspira\u00e7\u00e3o e expire naturalmente, iniciando nova repeti\u00e7\u00e3o.<\/p>\n<p>Composi\u00e7\u00e3o<br \/>\n\u2022 Corpo: Poliestireno cristal;<br \/>\n\u2022 Mangueira: Polietileno;<br \/>\n\u2022 Bocal: Polipropileno.<\/p>\n<p>Conte\u00fado da embalagem<br \/>\n\u2022 01 Respiron Classic;<\/p>\n<p>\u2022 01 Mangueira com bocal;<br \/>\n\u2022 01 Manual de uso.<\/p>\n<p>Dimens\u00f5es e informa\u00e7\u00f5es adicionais<br \/>\n\u2022 Peso: 182g;<br \/>\n\u2022 Corpo: 14,2cm x 13,5cm x 7cm (A x L x P);<\/p>\n<p>\u2022 Mangueira: 26,6cm x 1,6cm (comprimento x di\u00e2metro);<br \/>\n\u2022 N\u00edvel de esfor\u00e7o: M\u00e9dio;<br \/>\n\u2022 Regulagem do anel:<br \/>\n0 &#8211; F\u00e1cil;<br \/>\n1 &#8211; Leve;<br \/>\n2-Dif\u00edcil<br \/>\n3-Muito dif\u00edcil Garantia<br \/>\n3 meses<\/p>\n","protected":false},"excerpt":{"rendered":"<p>Respiron Classic<\/p>\n","protected":false},"featured_media":1517,"template":"","meta":{"om_disable_all_campaigns":false,"_monsterinsights_skip_tracking":false,"_monsterinsights_sitenote_active":false,"_monsterinsights_sitenote_note":"","_monsterinsights_sitenote_category":0,"_kadence_starter_templates_imported_post":false,"_kad_post_transparent":"default","_kad_post_title":"","_kad_post_layout":"default","_kad_post_sidebar_id":"","_kad_post_content_style":"default","_kad_post_vertical_padding":"default","_kad_post_feature":"","_kad_post_feature_position":"","_kad_post_header":false,"_kad_post_footer":false},"product_brand":[],"product_cat":[56,48],"product_tag":[],"class_list":{"0":"post-1516","1":"product","2":"type-product","3":"status-publish","4":"has-post-thumbnail","6":"product_cat-loja-de-produtos-medicos-e-ortopedicos-em-florianopolis-e-regiao","7":"product_cat-respiratorio","9":"first","10":"instock","11":"shipping-taxable","12":"purchasable","13":"product-type-simple","14":"entry","15":"content-bg","16":"loop-entry"},"aioseo_notices":[],"_links":{"self":[{"href":"https:\/\/ortosenior.com.br\/index.php?rest_route=\/wp\/v2\/product\/1516","targetHints":{"allow":["GET"]}}],"collection":[{"href":"https:\/\/ortosenior.com.br\/index.php?rest_route=\/wp\/v2\/product"}],"about":[{"href":"https:\/\/ortosenior.com.br\/index.php?rest_route=\/wp\/v2\/types\/product"}],"wp:featuredmedia":[{"embeddable":true,"href":"https:\/\/ortosenior.com.br\/index.php?rest_route=\/wp\/v2\/media\/1517"}],"wp:attachment":[{"href":"https:\/\/ortosenior.com.br\/index.php?rest_route=%2Fwp%2Fv2%2Fmedia&parent=1516"}],"wp:term":[{"taxonomy":"product_brand","embeddable":true,"href":"https:\/\/ortosenior.com.br\/index.php?rest_route=%2Fwp%2Fv2%2Fproduct_brand&post=1516"},{"taxonomy":"product_cat","embeddable":true,"href":"https:\/\/ortosenior.com.br\/index.php?rest_route=%2Fwp%2Fv2%2Fproduct_cat&post=1516"},{"taxonomy":"product_tag","embeddable":true,"href":"https:\/\/ortosenior.com.br\/index.php?rest_route=%2Fwp%2Fv2%2Fproduct_tag&post=1516"}],"curies":[{"name":"wp","href":"https:\/\/api.w.org\/{rel}","templated":true}]}}