{"id":1520,"date":"2024-07-16T01:37:10","date_gmt":"2024-07-16T01:37:10","guid":{"rendered":"https:\/\/ortosenior.com.br\/?post_type=product&#038;p=1520"},"modified":"2025-01-02T16:31:44","modified_gmt":"2025-01-02T16:31:44","slug":"colar-cervical-philadelphia-resgate-p-m-g","status":"publish","type":"product","link":"https:\/\/ortosenior.com.br\/?product=colar-cervical-philadelphia-resgate-p-m-g","title":{"rendered":"Colar Cervical Philadelphia Resgate P M G"},"content":{"rendered":"<p>Colar Cervical Philadelphia Resgate P M G<\/p>\n<p>Tamanho:<\/p>\n<p>P &#8211; Altura do pesco\u00e7o 8 cm \/ Circunfer\u00eancia de 52 cm<\/p>\n<p>M &#8211; Altura do pesco\u00e7o 9 cm \/ Circunfer\u00eancia de 56 cm<\/p>\n<p>G &#8211; Altura do pesco\u00e7o 10 cm \/ Circunfer\u00eancia de 60 cm<\/p>\n<p>GG &#8211; Altura do pesco\u00e7o 11 cm \/ Circunfer\u00eancia de 64 cm<\/p>\n<p>Descri\u00e7\u00e3o:<\/p>\n<p>O Colar Cervical Philadelphia, confeccionado na cor bege, tem como intuito restringir os movimentos da coluna cervical, proporcionando imobiliza\u00e7\u00e3o quando necess\u00e1ria.<\/p>\n<p>Deve ser utilizado sob recomenda\u00e7\u00e3o m\u00e9dica, principalmente ap\u00f3s acidentes, traumatismos, e outras complica\u00e7\u00f5es cervicais.<\/p>\n<p>Diferenciais:<\/p>\n<p>* Formato anat\u00f4mico;<\/p>\n<p>* Conforto: o fato de ser produzido em espuma ajuda no conforto e comodidade do paciente.<\/p>\n<p>* Permite que o pesco\u00e7o do paciente seja arejado;<\/p>\n<p>* Suporte mentoniano e occipital.<\/p>\n<p>* Cont\u00e9m orif\u00edcio caso seja necess\u00e1ria a traqueostomia.<\/p>\n<p>Principais Indica\u00e7\u00f5es:<\/p>\n<p>* Traumatismos;<\/p>\n<p>* Torcicolos;<\/p>\n<p>* Artrites;<\/p>\n<p>* Artroses;<\/p>\n<p>* Patologias relacionadas com a coluna cervical;<\/p>\n<p>* Necessidade de uso em traqueostomia.<\/p>\n<p>Instru\u00e7\u00f5es de coloca\u00e7\u00e3o:<\/p>\n<p>1. Verifique se o tamanho do colar \u00e9 compat\u00edvel com o seu pesco\u00e7o.<\/p>\n<p>2. Envolva o pesco\u00e7o com o colar.<\/p>\n<p>3. Utilize o fecho aderente para fixar o equipamento e ajust\u00e1-lo conforme for necess\u00e1rio.<\/p>\n<p>Precau\u00e7\u00f5es:<\/p>\n<p>O uso do colar cervical deve ser feito apenas sob indica\u00e7\u00e3o m\u00e9dica. \u00c9 essencial que seja colocado corretamente para evitar o agravo de les\u00f5es.<\/p>\n<p>Composi\u00e7\u00e3o:<\/p>\n<p>Confeccionado em EVA cor bege e fecho para fechamento.<\/p>\n<p>Conte\u00fado da Embalagem:<\/p>\n<p>01 &#8211; Colar Cervical Philadelphia<\/p>\n<p>Cor: Bege<\/p>\n<p>Refer\u00eancia IT118<\/p>\n<p>Marca: MD ortopedicos<\/p>\n<p>Cadastro na Anvisa: 8.09.278-5<\/p>\n<p>Todas as informa\u00e7\u00f5es divulgadas s\u00e3o de responsabilidade do fabricante\/fornecedor.<\/p>\n<p>Imagens Meramente Ilustrativas.<\/p>\n","protected":false},"excerpt":{"rendered":"<p>Colar cervical Philadelfia com abertura traqueostomia<\/p>\n","protected":false},"featured_media":1521,"template":"","meta":{"om_disable_all_campaigns":false,"_monsterinsights_skip_tracking":false,"_monsterinsights_sitenote_active":false,"_monsterinsights_sitenote_note":"","_monsterinsights_sitenote_category":0,"_kadence_starter_templates_imported_post":false,"_kad_post_transparent":"default","_kad_post_title":"","_kad_post_layout":"default","_kad_post_sidebar_id":"","_kad_post_content_style":"default","_kad_post_vertical_padding":"default","_kad_post_feature":"","_kad_post_feature_position":"","_kad_post_header":false,"_kad_post_footer":false},"product_brand":[],"product_cat":[56,47],"product_tag":[],"class_list":{"0":"post-1520","1":"product","2":"type-product","3":"status-publish","4":"has-post-thumbnail","6":"product_cat-loja-de-produtos-medicos-e-ortopedicos-em-florianopolis-e-regiao","7":"product_cat-ortopedia","9":"first","10":"instock","11":"shipping-taxable","12":"purchasable","13":"product-type-simple","14":"entry","15":"content-bg","16":"loop-entry"},"aioseo_notices":[],"_links":{"self":[{"href":"https:\/\/ortosenior.com.br\/index.php?rest_route=\/wp\/v2\/product\/1520","targetHints":{"allow":["GET"]}}],"collection":[{"href":"https:\/\/ortosenior.com.br\/index.php?rest_route=\/wp\/v2\/product"}],"about":[{"href":"https:\/\/ortosenior.com.br\/index.php?rest_route=\/wp\/v2\/types\/product"}],"wp:featuredmedia":[{"embeddable":true,"href":"https:\/\/ortosenior.com.br\/index.php?rest_route=\/wp\/v2\/media\/1521"}],"wp:attachment":[{"href":"https:\/\/ortosenior.com.br\/index.php?rest_route=%2Fwp%2Fv2%2Fmedia&parent=1520"}],"wp:term":[{"taxonomy":"product_brand","embeddable":true,"href":"https:\/\/ortosenior.com.br\/index.php?rest_route=%2Fwp%2Fv2%2Fproduct_brand&post=1520"},{"taxonomy":"product_cat","embeddable":true,"href":"https:\/\/ortosenior.com.br\/index.php?rest_route=%2Fwp%2Fv2%2Fproduct_cat&post=1520"},{"taxonomy":"product_tag","embeddable":true,"href":"https:\/\/ortosenior.com.br\/index.php?rest_route=%2Fwp%2Fv2%2Fproduct_tag&post=1520"}],"curies":[{"name":"wp","href":"https:\/\/api.w.org\/{rel}","templated":true}]}}