{"id":1530,"date":"2024-07-17T09:22:30","date_gmt":"2024-07-17T09:22:30","guid":{"rendered":"https:\/\/ortosenior.com.br\/?post_type=product&#038;p=1530"},"modified":"2025-03-07T19:45:29","modified_gmt":"2025-03-07T19:45:29","slug":"aluguel-botas-pneumaticas-em-curitiba","status":"publish","type":"product","link":"https:\/\/ortosenior.com.br\/?product=aluguel-botas-pneumaticas-em-curitiba","title":{"rendered":"Aluguel Botas Pneum\u00e1ticas em Florian\u00f3polis e regi\u00e3o"},"content":{"rendered":"<p>-Botas de compress\u00e3o pneum\u00e1tica que t\u00eam por objetivo promover uma compress\u00e3o progressiva dos membros inferiores;<\/p>\n<div class=\"elementor-element elementor-element-aaf9c64 elementor-widget elementor-widget-heading\" data-id=\"aaf9c64\" data-element_type=\"widget\" data-widget_type=\"heading.default\">\n<div>-Melhoram o fluxo sangu\u00edneo;<\/div>\n<div>-Auxiliam na drenagem do incha\u00e7o e melhora da circula\u00e7\u00e3o sangu\u00ednea e linf\u00e1tica;<\/div>\n<div>-Acelera o processo de recupera\u00e7\u00e3o muscular;<\/div>\n<\/div>\n<div class=\"elementor-element elementor-element-1421fad elementor-widget elementor-widget-heading\" data-id=\"1421fad\" data-element_type=\"widget\" data-widget_type=\"heading.default\">\n<div class=\"elementor-widget-container\">-Auxilia na recupera\u00e7\u00e3o p\u00f3s-operat\u00f3ria;<\/div>\n<\/div>\n<div><\/div>\n<div>INDICA\u00c7\u00d5ES<\/div>\n<div><\/div>\n<div>-Ajuda na m\u00e1 circula\u00e7\u00e3o e redu\u00e7\u00e3o do incha\u00e7o;<\/div>\n<div>-Profilaxia da Trombose Venosa;<\/div>\n<div>-Insufici\u00eancia circulat\u00f3ria e Incha\u00e7o cr\u00f4inico;<\/div>\n<div>-Linfedema prim\u00e1rio e secund\u00e1rio;<\/div>\n<div>-Recupera\u00e7\u00e3o p\u00f3s Traum\u00e1tico;<\/div>\n<div>-Edema agudo;<\/div>\n","protected":false},"excerpt":{"rendered":"<p>Atendemos\u00a0Florian\u00f3polis\u00a0e a regi\u00e3o.<\/p>\n<p>Consultar disponibilidade pelo WhatsApp.<\/p>\n","protected":false},"featured_media":1569,"template":"","meta":{"om_disable_all_campaigns":false,"_monsterinsights_skip_tracking":false,"_monsterinsights_sitenote_active":false,"_monsterinsights_sitenote_note":"","_monsterinsights_sitenote_category":0,"_kadence_starter_templates_imported_post":false,"_kad_post_transparent":"default","_kad_post_title":"","_kad_post_layout":"default","_kad_post_sidebar_id":"","_kad_post_content_style":"default","_kad_post_vertical_padding":"default","_kad_post_feature":"","_kad_post_feature_position":"","_kad_post_header":false,"_kad_post_footer":false},"product_brand":[],"product_cat":[50,56],"product_tag":[],"class_list":{"0":"post-1530","1":"product","2":"type-product","3":"status-publish","4":"has-post-thumbnail","6":"product_cat-aluguel-bota-pneumatica-florianopolis-e-regiao","7":"product_cat-loja-de-produtos-medicos-e-ortopedicos-em-florianopolis-e-regiao","9":"first","10":"instock","11":"shipping-taxable","12":"product-type-simple","13":"entry","14":"content-bg","15":"loop-entry"},"aioseo_notices":[],"_links":{"self":[{"href":"https:\/\/ortosenior.com.br\/index.php?rest_route=\/wp\/v2\/product\/1530","targetHints":{"allow":["GET"]}}],"collection":[{"href":"https:\/\/ortosenior.com.br\/index.php?rest_route=\/wp\/v2\/product"}],"about":[{"href":"https:\/\/ortosenior.com.br\/index.php?rest_route=\/wp\/v2\/types\/product"}],"wp:featuredmedia":[{"embeddable":true,"href":"https:\/\/ortosenior.com.br\/index.php?rest_route=\/wp\/v2\/media\/1569"}],"wp:attachment":[{"href":"https:\/\/ortosenior.com.br\/index.php?rest_route=%2Fwp%2Fv2%2Fmedia&parent=1530"}],"wp:term":[{"taxonomy":"product_brand","embeddable":true,"href":"https:\/\/ortosenior.com.br\/index.php?rest_route=%2Fwp%2Fv2%2Fproduct_brand&post=1530"},{"taxonomy":"product_cat","embeddable":true,"href":"https:\/\/ortosenior.com.br\/index.php?rest_route=%2Fwp%2Fv2%2Fproduct_cat&post=1530"},{"taxonomy":"product_tag","embeddable":true,"href":"https:\/\/ortosenior.com.br\/index.php?rest_route=%2Fwp%2Fv2%2Fproduct_tag&post=1530"}],"curies":[{"name":"wp","href":"https:\/\/api.w.org\/{rel}","templated":true}]}}