{"id":1534,"date":"2024-07-17T09:39:48","date_gmt":"2024-07-17T09:39:48","guid":{"rendered":"https:\/\/ortosenior.com.br\/?post_type=product&#038;p=1534"},"modified":"2025-03-07T19:44:45","modified_gmt":"2025-03-07T19:44:45","slug":"aluguel-de-andadores-em-curitiba","status":"publish","type":"product","link":"https:\/\/ortosenior.com.br\/?product=aluguel-de-andadores-em-curitiba","title":{"rendered":"Aluguel de Andador fixo AT\u00c9 100KG"},"content":{"rendered":"<p>O Andador\u00a0possui regulagem de altura em suas quatro pernas e acabamento com ponteira de borracha. O mais indicado andador para idosos.<\/p>\n<p>Ele garante maior mobilidade, estabilidade e seguran\u00e7a ao usu\u00e1rio, evitando poss\u00edveis quedas, les\u00f5es e fraturas. \u00c9 dobr\u00e1vel e regul\u00e1vel, podendo se adaptar a diferentes tamanhos de pessoas e situa\u00e7\u00f5es. Por ser em alum\u00ednio, \u00e9 um andador muito leve e resistente. Sin\u00f4nimo de qualidade, for\u00e7a e conforto. Pode ser transportado e manuseado com facilidade e n\u00e3o exige muito esfor\u00e7o do usu\u00e1rio. Al\u00e9m do mais, as suas articula\u00e7\u00f5es permitem que o usu\u00e1rio desloque o andador sem a necessidade de exercer muita for\u00e7a no equipamento.<\/p>\n","protected":false},"excerpt":{"rendered":"<p>Atendemos\u00a0Florian\u00f3polis\u00a0e a regi\u00e3o.<\/p>\n<p>Consultar disponibilidade pelo WhatsApp<\/p>\n","protected":false},"featured_media":1535,"template":"","meta":{"om_disable_all_campaigns":false,"_monsterinsights_skip_tracking":false,"_monsterinsights_sitenote_active":false,"_monsterinsights_sitenote_note":"","_monsterinsights_sitenote_category":0,"_kadence_starter_templates_imported_post":false,"_kad_post_transparent":"default","_kad_post_title":"","_kad_post_layout":"default","_kad_post_sidebar_id":"","_kad_post_content_style":"default","_kad_post_vertical_padding":"default","_kad_post_feature":"","_kad_post_feature_position":"","_kad_post_header":false,"_kad_post_footer":false},"product_brand":[],"product_cat":[51,56],"product_tag":[],"class_list":{"0":"post-1534","1":"product","2":"type-product","3":"status-publish","4":"has-post-thumbnail","6":"product_cat-aluguel-de-andadores-florianopolis-e-regiao","7":"product_cat-loja-de-produtos-medicos-e-ortopedicos-em-florianopolis-e-regiao","9":"first","10":"instock","11":"shipping-taxable","12":"product-type-simple","13":"entry","14":"content-bg","15":"loop-entry"},"aioseo_notices":[],"_links":{"self":[{"href":"https:\/\/ortosenior.com.br\/index.php?rest_route=\/wp\/v2\/product\/1534","targetHints":{"allow":["GET"]}}],"collection":[{"href":"https:\/\/ortosenior.com.br\/index.php?rest_route=\/wp\/v2\/product"}],"about":[{"href":"https:\/\/ortosenior.com.br\/index.php?rest_route=\/wp\/v2\/types\/product"}],"wp:featuredmedia":[{"embeddable":true,"href":"https:\/\/ortosenior.com.br\/index.php?rest_route=\/wp\/v2\/media\/1535"}],"wp:attachment":[{"href":"https:\/\/ortosenior.com.br\/index.php?rest_route=%2Fwp%2Fv2%2Fmedia&parent=1534"}],"wp:term":[{"taxonomy":"product_brand","embeddable":true,"href":"https:\/\/ortosenior.com.br\/index.php?rest_route=%2Fwp%2Fv2%2Fproduct_brand&post=1534"},{"taxonomy":"product_cat","embeddable":true,"href":"https:\/\/ortosenior.com.br\/index.php?rest_route=%2Fwp%2Fv2%2Fproduct_cat&post=1534"},{"taxonomy":"product_tag","embeddable":true,"href":"https:\/\/ortosenior.com.br\/index.php?rest_route=%2Fwp%2Fv2%2Fproduct_tag&post=1534"}],"curies":[{"name":"wp","href":"https:\/\/api.w.org\/{rel}","templated":true}]}}