{"id":1536,"date":"2024-07-17T09:44:27","date_gmt":"2024-07-17T09:44:27","guid":{"rendered":"https:\/\/ortosenior.com.br\/?post_type=product&#038;p=1536"},"modified":"2025-03-07T19:43:59","modified_gmt":"2025-03-07T19:43:59","slug":"aluguel-de-bota-imobilizadora-ortopedica","status":"publish","type":"product","link":"https:\/\/ortosenior.com.br\/?product=aluguel-de-bota-imobilizadora-ortopedica","title":{"rendered":"Aluguel de Bota Imobilizadora Ortop\u00e9dica"},"content":{"rendered":"<p>Aluguel Bota Imobilizadora Ortop\u00e9dica\u00a0Preta<\/p>\n<p>O\u00a0Aluguel\u00a0Bota Imobilizadora\u00a0Ortop\u00e9dica Preta\u00a0similar \u00e9 \u00fatil para quem necessita realizar a imobiliza\u00e7\u00e3o do membro inferior de forma tempor\u00e1ria.\u00a0A\u00a0Bota Imobilizadora\u00a0Ortop\u00e9dica\u00a0Preta \u00e9\u00a0confort\u00e1vel\u00a0em pacientes que tem\u00a0les\u00f5es\u00a0que possam suportar o peso do p\u00e9 e geralmente s\u00e3o utilizadas na\u00a0entorse do tornozelo, fratura do tornozelo, fraturas est\u00e1veis, na aus\u00eancia de deformidades graves, les\u00f5es ligamentares, contus\u00f5es e luxa\u00e7\u00f5es.<\/p>\n<p>A\u00a0Bota imobilizadora\u00a0Ortop\u00e9dica\u00a0Preta\u00a0ajuda na preven\u00e7\u00e3o e\u00a0tratamento das deformidades da artrite reumat\u00f3ide e \u00e9 muito usada em p\u00f3s operat\u00f3rio.<\/p>\n","protected":false},"excerpt":{"rendered":"<p>Atendemos\u00a0Florian\u00f3polis\u00a0e a regi\u00e3o.<\/p>\n<p>Consultar disponibilidade pelo WhatsApp<\/p>\n","protected":false},"featured_media":1537,"template":"","meta":{"om_disable_all_campaigns":false,"_monsterinsights_skip_tracking":false,"_monsterinsights_sitenote_active":false,"_monsterinsights_sitenote_note":"","_monsterinsights_sitenote_category":0,"_kadence_starter_templates_imported_post":false,"_kad_post_transparent":"default","_kad_post_title":"","_kad_post_layout":"default","_kad_post_sidebar_id":"","_kad_post_content_style":"default","_kad_post_vertical_padding":"default","_kad_post_feature":"","_kad_post_feature_position":"","_kad_post_header":false,"_kad_post_footer":false},"product_brand":[],"product_cat":[52,56],"product_tag":[],"class_list":{"0":"post-1536","1":"product","2":"type-product","3":"status-publish","4":"has-post-thumbnail","6":"product_cat-aluguel-de-bota-imobilizadora-florianopolis-e-regiao","7":"product_cat-loja-de-produtos-medicos-e-ortopedicos-em-florianopolis-e-regiao","9":"first","10":"instock","11":"shipping-taxable","12":"product-type-simple","13":"entry","14":"content-bg","15":"loop-entry"},"aioseo_notices":[],"_links":{"self":[{"href":"https:\/\/ortosenior.com.br\/index.php?rest_route=\/wp\/v2\/product\/1536","targetHints":{"allow":["GET"]}}],"collection":[{"href":"https:\/\/ortosenior.com.br\/index.php?rest_route=\/wp\/v2\/product"}],"about":[{"href":"https:\/\/ortosenior.com.br\/index.php?rest_route=\/wp\/v2\/types\/product"}],"wp:featuredmedia":[{"embeddable":true,"href":"https:\/\/ortosenior.com.br\/index.php?rest_route=\/wp\/v2\/media\/1537"}],"wp:attachment":[{"href":"https:\/\/ortosenior.com.br\/index.php?rest_route=%2Fwp%2Fv2%2Fmedia&parent=1536"}],"wp:term":[{"taxonomy":"product_brand","embeddable":true,"href":"https:\/\/ortosenior.com.br\/index.php?rest_route=%2Fwp%2Fv2%2Fproduct_brand&post=1536"},{"taxonomy":"product_cat","embeddable":true,"href":"https:\/\/ortosenior.com.br\/index.php?rest_route=%2Fwp%2Fv2%2Fproduct_cat&post=1536"},{"taxonomy":"product_tag","embeddable":true,"href":"https:\/\/ortosenior.com.br\/index.php?rest_route=%2Fwp%2Fv2%2Fproduct_tag&post=1536"}],"curies":[{"name":"wp","href":"https:\/\/api.w.org\/{rel}","templated":true}]}}