{"id":1538,"date":"2024-07-17T09:52:30","date_gmt":"2024-07-17T09:52:30","guid":{"rendered":"https:\/\/ortosenior.com.br\/?post_type=product&#038;p=1538"},"modified":"2025-03-07T19:43:18","modified_gmt":"2025-03-07T19:43:18","slug":"aluguel-muleta-canadense-fixa-par","status":"publish","type":"product","link":"https:\/\/ortosenior.com.br\/?product=aluguel-muleta-canadense-fixa-par","title":{"rendered":"Aluguel Muleta Canadense Par"},"content":{"rendered":"<p>A\u00a0Muleta Canadense\u00a0\u00e9 ideal para sua locomo\u00e7\u00e3o. Oferece seguran\u00e7a e conforto al\u00e9m de ser super resistente.<\/p>\n<p>A\u00a0Muleta Canadense Fixa\u00a0proporciona a retirada do apoio do membro inferior afetado. Devido a forma de apoio, a muleta canadense normalmente \u00e9 a melhor op\u00e7\u00e3o para quem pode encostar os p\u00e9s no ch\u00e3o. A\u00a0Muleta Canadense Fixa\u00a0geralmente \u00e9 menos inc\u00f4moda que as axilares. A\u00a0Muleta Canadense Fixa\u00a0possui sistema interno para redu\u00e7\u00e3o de ru\u00eddo e apoio de m\u00e3o confort\u00e1vel. Possui desenho anat\u00f4mico e ponteira de borracha que proporciona melhor ader\u00eancia ao solo.<\/p>\n","protected":false},"excerpt":{"rendered":"<p>Atendemos\u00a0Florian\u00f3polis\u00a0e a regi\u00e3o.<\/p>\n<p>Consultar disponibilidade pelo WhatsApp<\/p>\n","protected":false},"featured_media":1539,"template":"","meta":{"om_disable_all_campaigns":false,"_monsterinsights_skip_tracking":false,"_monsterinsights_sitenote_active":false,"_monsterinsights_sitenote_note":"","_monsterinsights_sitenote_category":0,"_kadence_starter_templates_imported_post":false,"_kad_post_transparent":"default","_kad_post_title":"","_kad_post_layout":"default","_kad_post_sidebar_id":"","_kad_post_content_style":"default","_kad_post_vertical_padding":"default","_kad_post_feature":"","_kad_post_feature_position":"","_kad_post_header":false,"_kad_post_footer":false},"product_brand":[],"product_cat":[54,56],"product_tag":[],"class_list":{"0":"post-1538","1":"product","2":"type-product","3":"status-publish","4":"has-post-thumbnail","6":"product_cat-aluguel-de-muletas-florianopolis-e-regiao","7":"product_cat-loja-de-produtos-medicos-e-ortopedicos-em-florianopolis-e-regiao","9":"first","10":"instock","11":"shipping-taxable","12":"product-type-simple","13":"entry","14":"content-bg","15":"loop-entry"},"aioseo_notices":[],"_links":{"self":[{"href":"https:\/\/ortosenior.com.br\/index.php?rest_route=\/wp\/v2\/product\/1538","targetHints":{"allow":["GET"]}}],"collection":[{"href":"https:\/\/ortosenior.com.br\/index.php?rest_route=\/wp\/v2\/product"}],"about":[{"href":"https:\/\/ortosenior.com.br\/index.php?rest_route=\/wp\/v2\/types\/product"}],"wp:featuredmedia":[{"embeddable":true,"href":"https:\/\/ortosenior.com.br\/index.php?rest_route=\/wp\/v2\/media\/1539"}],"wp:attachment":[{"href":"https:\/\/ortosenior.com.br\/index.php?rest_route=%2Fwp%2Fv2%2Fmedia&parent=1538"}],"wp:term":[{"taxonomy":"product_brand","embeddable":true,"href":"https:\/\/ortosenior.com.br\/index.php?rest_route=%2Fwp%2Fv2%2Fproduct_brand&post=1538"},{"taxonomy":"product_cat","embeddable":true,"href":"https:\/\/ortosenior.com.br\/index.php?rest_route=%2Fwp%2Fv2%2Fproduct_cat&post=1538"},{"taxonomy":"product_tag","embeddable":true,"href":"https:\/\/ortosenior.com.br\/index.php?rest_route=%2Fwp%2Fv2%2Fproduct_tag&post=1538"}],"curies":[{"name":"wp","href":"https:\/\/api.w.org\/{rel}","templated":true}]}}