{"id":1540,"date":"2024-07-17T09:56:23","date_gmt":"2024-07-17T09:56:23","guid":{"rendered":"https:\/\/ortosenior.com.br\/?post_type=product&#038;p=1540"},"modified":"2025-03-07T19:42:37","modified_gmt":"2025-03-07T19:42:37","slug":"aluguel-de-muleta-axilar-par","status":"publish","type":"product","link":"https:\/\/ortosenior.com.br\/?product=aluguel-de-muleta-axilar-par","title":{"rendered":"Aluguel Muleta Axilar Par"},"content":{"rendered":"<p>At\u00e9 100kg.<\/p>\n<p>A\u00a0Muleta Axilar\u00a0possui estrutura em alum\u00ednio anodizado fosco, com regulagem de altura. Os apoios axilares s\u00e3o anat\u00f4micos e revestidos em polipropileno, para maior conforto do usu\u00e1rio. A\u00a0Muleta Axilar\u00a0\u00e9 indicada para todos os pacientes que fazem o uso dos bra\u00e7os para apoio e propuls\u00e3o, e n\u00e3o somente para equil\u00edbrio. As muletas podem tirar por completo a carga de ambos os membros inferiores ou de apenas um dependendo da forma que \u00e9 utilizada.<\/p>\n<p>A\u00a0Muleta Axilar\u00a0possui sistema interno para redu\u00e7\u00e3o de ru\u00eddo. Conta ainda com apoio axilar fixo, que n\u00e3o precisa ser retirado para ajustes, podendo ser regulado conforme a altura do usu\u00e1rio. A seguran\u00e7a \u00e9 garantida pelo pino duplo com mola, al\u00e9m da ponteira de borracha que permite melhor ader\u00eancia ao solo.<\/p>\n","protected":false},"excerpt":{"rendered":"<p>Atendemos\u00a0Florian\u00f3polis\u00a0e a regi\u00e3o.<\/p>\n<p>Consultar disponibilidade pelo WhatsApp<\/p>\n","protected":false},"featured_media":1542,"template":"","meta":{"om_disable_all_campaigns":false,"_monsterinsights_skip_tracking":false,"_monsterinsights_sitenote_active":false,"_monsterinsights_sitenote_note":"","_monsterinsights_sitenote_category":0,"_kadence_starter_templates_imported_post":false,"_kad_post_transparent":"default","_kad_post_title":"","_kad_post_layout":"default","_kad_post_sidebar_id":"","_kad_post_content_style":"default","_kad_post_vertical_padding":"default","_kad_post_feature":"","_kad_post_feature_position":"","_kad_post_header":false,"_kad_post_footer":false},"product_brand":[],"product_cat":[54,56],"product_tag":[],"class_list":{"0":"post-1540","1":"product","2":"type-product","3":"status-publish","4":"has-post-thumbnail","6":"product_cat-aluguel-de-muletas-florianopolis-e-regiao","7":"product_cat-loja-de-produtos-medicos-e-ortopedicos-em-florianopolis-e-regiao","9":"first","10":"instock","11":"shipping-taxable","12":"product-type-simple","13":"entry","14":"content-bg","15":"loop-entry"},"aioseo_notices":[],"_links":{"self":[{"href":"https:\/\/ortosenior.com.br\/index.php?rest_route=\/wp\/v2\/product\/1540","targetHints":{"allow":["GET"]}}],"collection":[{"href":"https:\/\/ortosenior.com.br\/index.php?rest_route=\/wp\/v2\/product"}],"about":[{"href":"https:\/\/ortosenior.com.br\/index.php?rest_route=\/wp\/v2\/types\/product"}],"wp:featuredmedia":[{"embeddable":true,"href":"https:\/\/ortosenior.com.br\/index.php?rest_route=\/wp\/v2\/media\/1542"}],"wp:attachment":[{"href":"https:\/\/ortosenior.com.br\/index.php?rest_route=%2Fwp%2Fv2%2Fmedia&parent=1540"}],"wp:term":[{"taxonomy":"product_brand","embeddable":true,"href":"https:\/\/ortosenior.com.br\/index.php?rest_route=%2Fwp%2Fv2%2Fproduct_brand&post=1540"},{"taxonomy":"product_cat","embeddable":true,"href":"https:\/\/ortosenior.com.br\/index.php?rest_route=%2Fwp%2Fv2%2Fproduct_cat&post=1540"},{"taxonomy":"product_tag","embeddable":true,"href":"https:\/\/ortosenior.com.br\/index.php?rest_route=%2Fwp%2Fv2%2Fproduct_tag&post=1540"}],"curies":[{"name":"wp","href":"https:\/\/api.w.org\/{rel}","templated":true}]}}