{"id":1587,"date":"2024-08-27T02:09:25","date_gmt":"2024-08-27T02:09:25","guid":{"rendered":"https:\/\/ortosenior.com.br\/?post_type=product&#038;p=1587"},"modified":"2025-01-02T16:31:04","modified_gmt":"2025-01-02T16:31:04","slug":"respiron-easy","status":"publish","type":"product","link":"https:\/\/ortosenior.com.br\/?product=respiron-easy","title":{"rendered":"RESPIRON EASY"},"content":{"rendered":"<p>O Respiron Easy NCS \u00e9 um dispositivo para uso na Fisioterapia Respirat\u00f3ria, com o objetivo de proporcionar benef\u00edcios de um treinamento da musculatura inspirat\u00f3ria (TMI), onde os exerc\u00edcios respirat\u00f3rios feitos no Respiron torna-os mais fortes e mais resistentes a fadiga. \u00c9 um incentivador de inspira\u00e7\u00f5es for\u00e7adas e profundas, o aparelho facilita a ventila\u00e7\u00e3o das vias a\u00e9reas impedindo a obstru\u00e7\u00e3o dos bronqu\u00edolos, melhorando a capacidade pulmonar. Sua utiliza\u00e7\u00e3o basicamente causa um efeito vis\u00edvel, pois possui 3 esferas em seu interior, que possibilita um desafio para o usu\u00e1rio: conseguir elevar as 3 esferas e mant\u00ea-las por alguns instantes. H\u00e1 portanto um incentivo para o paciente, o que justifica sua classifica\u00e7\u00e3o como &#8220;incentivador respirat\u00f3rio&#8221;. O Respiron \u00e9 indicado para inicia\u00e7\u00e3o do exerc\u00edcio respirat\u00f3rio de crian\u00e7as, idosos e pacientes acamados e mais debilitados. Apenas 5 minutos por dia, far\u00e3o toda a diferen\u00e7a em sua vida. Em poucas semanas voc\u00ea ir\u00e1 sentir os benef\u00edcios como redu\u00e7\u00e3o da falta de ar e portanto mais disposi\u00e7\u00e3o em suas atividades de vida di\u00e1ria. Os modelos dispon\u00edveis s\u00e3o ideais para todas as pessoas, atendendo desde crian\u00e7as, atletas e idosos. Respire bem, respire com Respiron!<\/p>\n<p>Composi\u00e7\u00e3o<br \/>\n\u2022 Corpo: Poliestireno cristal;<br \/>\n\u2022 Mangueira: Polietileno;<br \/>\n\u2022 Bocal: Polipropileno.<\/p>\n<p>Conte\u00fado da embalagem<br \/>\n\u2022 01 Respiron Easy;<\/p>\n<p>\u2022 01 Mangueira com bocal;<br \/>\n\u2022 01 Manual de uso.<\/p>\n<p>Dimens\u00f5es e informa\u00e7\u00f5es adicionais<br \/>\n\u2022 Peso: 182g;<br \/>\n\u2022 Corpo: 14,2cm x 13,5cm x 7cm (A x L x P);<\/p>\n<p>\u2022 Mangueira: 26,6cm x 1,6cm (comprimento x di\u00e2metro);<br \/>\n\u2022 N\u00edvel de esfor\u00e7o: Baixo;<br \/>\n\u2022 Regulagem do anel:<br \/>\n0 &#8211; F\u00e1cil;<br \/>\n1 &#8211; Leve;<br \/>\n2 &#8211; Dif\u00edcil;<br \/>\n3 &#8211; Muito dif\u00edcil.<br \/>\n\u2022 Garantia<br \/>\n\u2022 3 meses<\/p>\n","protected":false},"excerpt":{"rendered":"<p>RESPIRON EASY<\/p>\n","protected":false},"featured_media":1588,"template":"","meta":{"om_disable_all_campaigns":false,"_monsterinsights_skip_tracking":false,"_monsterinsights_sitenote_active":false,"_monsterinsights_sitenote_note":"","_monsterinsights_sitenote_category":0,"_kadence_starter_templates_imported_post":false,"_kad_post_transparent":"default","_kad_post_title":"","_kad_post_layout":"default","_kad_post_sidebar_id":"","_kad_post_content_style":"default","_kad_post_vertical_padding":"default","_kad_post_feature":"","_kad_post_feature_position":"","_kad_post_header":false,"_kad_post_footer":false},"product_brand":[],"product_cat":[56,48,15],"product_tag":[],"class_list":{"0":"post-1587","1":"product","2":"type-product","3":"status-publish","4":"has-post-thumbnail","6":"product_cat-loja-de-produtos-medicos-e-ortopedicos-em-florianopolis-e-regiao","7":"product_cat-respiratorio","8":"product_cat-uncategorized","10":"first","11":"instock","12":"shipping-taxable","13":"purchasable","14":"product-type-simple","15":"entry","16":"content-bg","17":"loop-entry"},"aioseo_notices":[],"_links":{"self":[{"href":"https:\/\/ortosenior.com.br\/index.php?rest_route=\/wp\/v2\/product\/1587","targetHints":{"allow":["GET"]}}],"collection":[{"href":"https:\/\/ortosenior.com.br\/index.php?rest_route=\/wp\/v2\/product"}],"about":[{"href":"https:\/\/ortosenior.com.br\/index.php?rest_route=\/wp\/v2\/types\/product"}],"wp:featuredmedia":[{"embeddable":true,"href":"https:\/\/ortosenior.com.br\/index.php?rest_route=\/wp\/v2\/media\/1588"}],"wp:attachment":[{"href":"https:\/\/ortosenior.com.br\/index.php?rest_route=%2Fwp%2Fv2%2Fmedia&parent=1587"}],"wp:term":[{"taxonomy":"product_brand","embeddable":true,"href":"https:\/\/ortosenior.com.br\/index.php?rest_route=%2Fwp%2Fv2%2Fproduct_brand&post=1587"},{"taxonomy":"product_cat","embeddable":true,"href":"https:\/\/ortosenior.com.br\/index.php?rest_route=%2Fwp%2Fv2%2Fproduct_cat&post=1587"},{"taxonomy":"product_tag","embeddable":true,"href":"https:\/\/ortosenior.com.br\/index.php?rest_route=%2Fwp%2Fv2%2Fproduct_tag&post=1587"}],"curies":[{"name":"wp","href":"https:\/\/api.w.org\/{rel}","templated":true}]}}