{"id":1589,"date":"2024-08-27T02:44:21","date_gmt":"2024-08-27T02:44:21","guid":{"rendered":"https:\/\/ortosenior.com.br\/?post_type=product&#038;p=1589"},"modified":"2025-01-02T16:30:49","modified_gmt":"2025-01-02T16:30:49","slug":"casex-curativo-de-alginato-com-prata-15cm-x-15-cm","status":"publish","type":"product","link":"https:\/\/ortosenior.com.br\/?product=casex-curativo-de-alginato-com-prata-15cm-x-15-cm","title":{"rendered":"CASEX &#8211; CURATIVO DE ALGINATO COM PRATA 15cm X 15 cm"},"content":{"rendered":"<p>Curativo\u00a0<strong>CASEX &#8211; CURATIVO DE ALGINATO COM PRATA\u00a0<\/strong>\u00e9 composto por alginato de c\u00e1lcio, carboximetilcelulose (CMC) e prata i\u00f4nica.<\/p>\n<p>Possui a propriedade de absorver o exsudato da ferida transformando-o em gel.<\/p>\n<p>As fibras de alginato e o CMC em contato com o exsudato formam um gel hidrof\u00edlico e n\u00e3o aderente que proporciona um\u00a0 meio \u00famido sobre a superf\u00edcie da ferida, promovendo o desbridamento autol\u00edtico e absorvendo exsudato, permitindo a remo\u00e7\u00e3o sem trauma, com pequeno ou nenhum dano para o tecido rec\u00e9m formado criando, desse modo, um meio adequado para o processo de cicatriza\u00e7\u00e3o.<\/p>\n<p>O ambiente \u00famido na ferida e o controle bacteriano contribuem para o processo de cicatriza\u00e7\u00e3o e ajuda a reduzir o risco de infec\u00e7\u00e3o. Ao reduzir a quantidade de microorganismos na ferida contribui tamb\u00e9m para a redu\u00e7\u00e3o do odor.<br \/>\n<strong>Indica\u00e7\u00e3o de uso:<\/strong><\/p>\n<p>O CASEX &#8211; CURATIVO DE ALGINATO COM PRATA \u00e9 indicado para feridas de moderada a altamente exsudativas, com sangramento, agudas ou cr\u00f4nicas, superficiais ou profundas.<\/p>\n<p>\u00c9 indicado para feridas, infectadas, ou com barreira f\u00edsica para preven\u00e7\u00e3o da penetra\u00e7\u00e3o de microorganismos.<\/p>\n<p>CASEX &#8211; CURATIVO DE ALGINATO COM PRATA tamb\u00e9m \u00e9 indicado para pequenas abras\u00f5es, lacera\u00e7\u00f5es e cortes.<\/p>\n<p>Escaldaduras, queimaduras superficiais e queimaduras de segundo grau, \u00falceras vasculog\u00eanicas de perna e \u00falceras por press\u00e3o, zonas doadoras, feridas do p\u00e9 diab\u00e9tico, feridas traum\u00e1ticas e ou dolorosas, feridas oncol\u00f3gicas exsudativas ou feridas cir\u00fargicas que cicatrizam por segunda inten\u00e7\u00e3o.<\/p>\n","protected":false},"excerpt":{"rendered":"<h1 class=\"nome-produto titulo cor-secundaria\">CASEX &#8211; CURATIVO DE ALGINATO COM PRATA 15cm X 15cm<\/h1>\n","protected":false},"featured_media":1590,"template":"","meta":{"om_disable_all_campaigns":false,"_monsterinsights_skip_tracking":false,"_monsterinsights_sitenote_active":false,"_monsterinsights_sitenote_note":"","_monsterinsights_sitenote_category":0,"_kadence_starter_templates_imported_post":false,"_kad_post_transparent":"default","_kad_post_title":"","_kad_post_layout":"default","_kad_post_sidebar_id":"","_kad_post_content_style":"default","_kad_post_vertical_padding":"default","_kad_post_feature":"","_kad_post_feature_position":"","_kad_post_header":false,"_kad_post_footer":false},"product_brand":[],"product_cat":[56,47,49,15],"product_tag":[],"class_list":{"0":"post-1589","1":"product","2":"type-product","3":"status-publish","4":"has-post-thumbnail","6":"product_cat-loja-de-produtos-medicos-e-ortopedicos-em-florianopolis-e-regiao","7":"product_cat-ortopedia","8":"product_cat-pos-operatorio","9":"product_cat-uncategorized","11":"first","12":"instock","13":"shipping-taxable","14":"purchasable","15":"product-type-simple","16":"entry","17":"content-bg","18":"loop-entry"},"aioseo_notices":[],"_links":{"self":[{"href":"https:\/\/ortosenior.com.br\/index.php?rest_route=\/wp\/v2\/product\/1589","targetHints":{"allow":["GET"]}}],"collection":[{"href":"https:\/\/ortosenior.com.br\/index.php?rest_route=\/wp\/v2\/product"}],"about":[{"href":"https:\/\/ortosenior.com.br\/index.php?rest_route=\/wp\/v2\/types\/product"}],"wp:featuredmedia":[{"embeddable":true,"href":"https:\/\/ortosenior.com.br\/index.php?rest_route=\/wp\/v2\/media\/1590"}],"wp:attachment":[{"href":"https:\/\/ortosenior.com.br\/index.php?rest_route=%2Fwp%2Fv2%2Fmedia&parent=1589"}],"wp:term":[{"taxonomy":"product_brand","embeddable":true,"href":"https:\/\/ortosenior.com.br\/index.php?rest_route=%2Fwp%2Fv2%2Fproduct_brand&post=1589"},{"taxonomy":"product_cat","embeddable":true,"href":"https:\/\/ortosenior.com.br\/index.php?rest_route=%2Fwp%2Fv2%2Fproduct_cat&post=1589"},{"taxonomy":"product_tag","embeddable":true,"href":"https:\/\/ortosenior.com.br\/index.php?rest_route=%2Fwp%2Fv2%2Fproduct_tag&post=1589"}],"curies":[{"name":"wp","href":"https:\/\/api.w.org\/{rel}","templated":true}]}}