{"id":1731,"date":"2025-01-10T14:59:42","date_gmt":"2025-01-10T14:59:42","guid":{"rendered":"https:\/\/ortosenior.com.br\/?post_type=product&#038;p=1731"},"modified":"2025-03-07T19:40:43","modified_gmt":"2025-03-07T19:40:43","slug":"aluguel-andador-articulado-ate-100kg","status":"publish","type":"product","link":"https:\/\/ortosenior.com.br\/?product=aluguel-andador-articulado-ate-100kg","title":{"rendered":"Aluguel Andador Articulado"},"content":{"rendered":"<div class=\"WaaZC\">\n<div class=\"RJPOee EIJn2\">\n<div class=\"rPeykc uP58nb MNX06c\" data-hveid=\"CAMQAQ\" data-ved=\"2ahUKEwiU9dGy6-2KAxUUGLkGHfjlFrkQo_EKegQIAxAB\"><span data-huuid=\"5217092533772494906\"><span role=\"heading\">O Andador articulado \u00e9 um aux\u00edlio para a locomo\u00e7\u00e3o que oferece v\u00e1rios benef\u00edcios, como:<\/span><\/span><\/div>\n<\/div>\n<\/div>\n<div class=\"WaaZC\">\n<div class=\"RJPOee EIJn2\">\n<div class=\"zMgcWd dSKvsb\" data-il=\"\">\n<div data-crb-p=\"\">\n<div class=\"xFTqob\">\n<div class=\"Gur8Ad\"><span data-huuid=\"5217092533772493365\"><strong>Estabilidade e seguran\u00e7a<\/strong><\/span><\/div>\n<div class=\"vM0jzc\">\n<p><span data-huuid=\"5217092533772495582\">O andador articulado \u00e9 uma boa op\u00e7\u00e3o para ambientes internos, pois n\u00e3o possui juntas que possam se soltar. <\/span><span data-huuid=\"5217092533772493703\">Ele proporciona mais estabilidade e seguran\u00e7a, reduzindo o risco de quedas.<span class=\"UV3uM\">\u00a0<\/span><\/span><\/p>\n<div class=\"NPrrbc\" data-cid=\"7e2c02a6-7039-49d8-98ac-10289d08c3c5\" data-uuids=\"5217092533772493365,5217092533772495582,5217092533772493703\">\n<div class=\"BMebGe btku5b fCrZyc LwdV0e FR7ZSc OJeuxf\" role=\"button\" aria-label=\"Mostrar links relacionados\" data-hveid=\"CA0QAQ\" data-ved=\"2ahUKEwiU9dGy6-2KAxUUGLkGHfjlFrkQ3fYKegQIDRAB\">\n<div class=\"niO4u\">\n<div class=\"kHtcsd\"><strong style=\"font-family: var(--global-body-font-family);\">Independ\u00eancia<\/strong><\/div>\n<\/div>\n<\/div>\n<\/div>\n<\/div>\n<\/div>\n<\/div>\n<div data-crb-p=\"\">\n<div class=\"xFTqob\">\n<div class=\"vM0jzc\">\n<p><span data-huuid=\"5217092533772496258\">O andador permite que o usu\u00e1rio realize atividades di\u00e1rias com mais seguran\u00e7a e liberdade.<span class=\"UV3uM\">\u00a0<\/span><\/span><\/p>\n<div class=\"NPrrbc\" data-cid=\"2939658e-16b5-4a77-8844-ac202217a8dd\" data-uuids=\"5217092533772494041,5217092533772496258\">\n<div class=\"BMebGe btku5b fCrZyc LwdV0e FR7ZSc OJeuxf\" role=\"button\" aria-label=\"Mostrar links relacionados\" data-hveid=\"CAwQAQ\" data-ved=\"2ahUKEwiU9dGy6-2KAxUUGLkGHfjlFrkQ3fYKegQIDBAB\">\n<div class=\"niO4u\">\n<div class=\"kHtcsd\"><strong style=\"font-family: var(--global-body-font-family);\">Apoio para pessoas com problemas de mobilidade<\/strong><\/div>\n<\/div>\n<\/div>\n<\/div>\n<\/div>\n<\/div>\n<\/div>\n<div data-crb-p=\"\">\n<div class=\"xFTqob\">\n<div class=\"vM0jzc\">\n<p><span data-huuid=\"5217092533772494717\">O andador \u00e9 recomendado para quem precisa de um apoio maior que o fornecido por uma muleta ou bengala.\u00a0<\/span><span data-huuid=\"5217092533772492838\">Ele pode ser usado por pessoas com dificuldade de locomo\u00e7\u00e3o, altera\u00e7\u00f5es de equil\u00edbrio, coordena\u00e7\u00e3o motora, redu\u00e7\u00e3o da for\u00e7a e resist\u00eancia muscular.<span class=\"UV3uM\">\u00a0<\/span><\/span><\/p>\n<div class=\"NPrrbc\" data-cid=\"b6c234fc-a89a-453f-884d-91dc2d5d7414\" data-uuids=\"5217092533772496596,5217092533772494717,5217092533772492838\">\n<div class=\"BMebGe btku5b fCrZyc LwdV0e FR7ZSc OJeuxf\" role=\"button\" aria-label=\"Mostrar links relacionados\" data-hveid=\"CA4QAQ\" data-ved=\"2ahUKEwiU9dGy6-2KAxUUGLkGHfjlFrkQ3fYKegQIDhAB\">\n<div class=\"niO4u\">\n<div class=\"kHtcsd\"><span style=\"font-family: var(--global-body-font-family);\" data-huuid=\"1156610416155850651\">O andador articulado \u00e9 indicado para pessoas com fraqueza nas pernas, mas que t\u00eam uma certa for\u00e7a nos membros superiores. <\/span><span style=\"font-family: var(--global-body-font-family);\" data-huuid=\"1156610416155850024\">Uma das suas desvantagens \u00e9 que a marcha costuma ser mais lenta na compara\u00e7\u00e3o com outros modelos<\/span><\/div>\n<\/div>\n<\/div>\n<\/div>\n<\/div>\n<\/div>\n<\/div>\n<\/div>\n<\/div>\n<\/div>\n","protected":false},"excerpt":{"rendered":"<p>Atendemos\u00a0Florian\u00f3polis\u00a0e a regi\u00e3o.<\/p>\n<p>Consultar disponibilidade pelo WhatsApp<\/p>\n","protected":false},"featured_media":1732,"template":"","meta":{"om_disable_all_campaigns":false,"_monsterinsights_skip_tracking":false,"_monsterinsights_sitenote_active":false,"_monsterinsights_sitenote_note":"","_monsterinsights_sitenote_category":0,"_kadence_starter_templates_imported_post":false,"_kad_post_transparent":"default","_kad_post_title":"","_kad_post_layout":"default","_kad_post_sidebar_id":"","_kad_post_content_style":"default","_kad_post_vertical_padding":"default","_kad_post_feature":"","_kad_post_feature_position":"","_kad_post_header":false,"_kad_post_footer":false},"product_brand":[],"product_cat":[51,56],"product_tag":[],"class_list":{"0":"post-1731","1":"product","2":"type-product","3":"status-publish","4":"has-post-thumbnail","6":"product_cat-aluguel-de-andadores-florianopolis-e-regiao","7":"product_cat-loja-de-produtos-medicos-e-ortopedicos-em-florianopolis-e-regiao","9":"first","10":"instock","11":"shipping-taxable","12":"product-type-simple","13":"entry","14":"content-bg","15":"loop-entry"},"aioseo_notices":[],"_links":{"self":[{"href":"https:\/\/ortosenior.com.br\/index.php?rest_route=\/wp\/v2\/product\/1731","targetHints":{"allow":["GET"]}}],"collection":[{"href":"https:\/\/ortosenior.com.br\/index.php?rest_route=\/wp\/v2\/product"}],"about":[{"href":"https:\/\/ortosenior.com.br\/index.php?rest_route=\/wp\/v2\/types\/product"}],"wp:featuredmedia":[{"embeddable":true,"href":"https:\/\/ortosenior.com.br\/index.php?rest_route=\/wp\/v2\/media\/1732"}],"wp:attachment":[{"href":"https:\/\/ortosenior.com.br\/index.php?rest_route=%2Fwp%2Fv2%2Fmedia&parent=1731"}],"wp:term":[{"taxonomy":"product_brand","embeddable":true,"href":"https:\/\/ortosenior.com.br\/index.php?rest_route=%2Fwp%2Fv2%2Fproduct_brand&post=1731"},{"taxonomy":"product_cat","embeddable":true,"href":"https:\/\/ortosenior.com.br\/index.php?rest_route=%2Fwp%2Fv2%2Fproduct_cat&post=1731"},{"taxonomy":"product_tag","embeddable":true,"href":"https:\/\/ortosenior.com.br\/index.php?rest_route=%2Fwp%2Fv2%2Fproduct_tag&post=1731"}],"curies":[{"name":"wp","href":"https:\/\/api.w.org\/{rel}","templated":true}]}}