{"id":1769,"date":"2025-03-07T18:57:05","date_gmt":"2025-03-07T18:57:05","guid":{"rendered":"https:\/\/ortosenior.com.br\/?post_type=product&#038;p=1769"},"modified":"2025-03-07T19:42:06","modified_gmt":"2025-03-07T19:42:06","slug":"aluguel-laser","status":"publish","type":"product","link":"https:\/\/ortosenior.com.br\/?product=aluguel-laser","title":{"rendered":"Aluguel laser Fisioterapia"},"content":{"rendered":"<p>O Laserpulse da Ibramed \u00e9 um dispositivo de fotobiomodula\u00e7\u00e3o desenvolvido para est\u00e9tica e reabilita\u00e7\u00e3o, oferecendo uma abordagem inovadora por meio de seus aplicadores exclusivos chamados Probes, dispon\u00edveis em vers\u00f5es de Laser ou LED.<\/p>\n<p>Recomendado para uma variedade de tratamentos est\u00e9ticos, como acne, melasma, rejuvenescimento, psor\u00edase, alopecia e controle de herpes labial, al\u00e9m de aplica\u00e7\u00f5es de reabilita\u00e7\u00e3o, como laserpuntura, s\u00edndrome do t\u00fanel do carpo, aumento da circula\u00e7\u00e3o local, relaxamento muscular, al\u00edvio da dor e est\u00edmulo da microcircula\u00e7\u00e3o.<\/p>\n<p><strong>Efeitos fisiol\u00f3gicos<\/strong><\/p>\n<p><strong>Analgesia:<\/strong>\u00a0estimula\u00e7\u00e3o e libera\u00e7\u00e3o de beta-endorfinas.<\/p>\n<p><strong>Anti-inflamat\u00f3rio:<\/strong>\u00a0inibe a s\u00edntese das prostaglandinas.<\/p>\n<p><strong>Cicatriza\u00e7\u00e3o:<\/strong>\u00a0aumento na s\u00edntese de ATP, que estimula produ\u00e7\u00e3o de col\u00e1geno e elastina;\u00a0<strong>Circulat\u00f3rio:<\/strong>\u00a0aumenta da microcircula\u00e7\u00e3o perif\u00e9rica superficial.<\/p>\n<p><strong>A\u00e7\u00e3o fibrinol\u00edtica<\/strong>: processo atrav\u00e9s do qual um co\u00e1gulo de fibrina (produto da coagula\u00e7\u00e3o do sangue) \u00e9 destru\u00eddo. A fibrina \u00e9 degradada pela plasmina levando \u00e0 produ\u00e7\u00e3o de fragmentos circulantes que s\u00e3o depois destru\u00eddas por outras proteinases ou pelos rins e f\u00edgado.<\/p>\n<p><strong>Probe 3<\/strong>\u00a0Laser 660nm: Est\u00e9tica: cicatriza\u00e7\u00e3o de acne, fotoregenera\u00e7\u00e3o de pele, fototerapia capilar, ros\u00e1cea e terapia fotodin\u00e2mica.<\/p>\n<p>Reabilita\u00e7\u00e3o: cicatriza\u00e7\u00e3o de pele, herpes, queimaduras e \u00falceras n\u00e3o contaminadas;<\/p>\n<p><strong>Probe 5\u00a0<\/strong>Laser 904nm: Reabilita\u00e7\u00e3o: artrite (profunda), artrite (superficial), dor cr\u00f4nica, drenagem linf\u00e1tica, epicondilite lateral, les\u00e3o ligamentar (aguda), les\u00e3o ligamentar (cr\u00f4nica), pontos gatilhos, estiramento muscular (agudo), estiramento muscular (cr\u00f4nico), reparo \u00f3sseo, s\u00edndrome do t\u00fanel do carpo, tendinopatia (profunda) e tendinopatia (superficial); Laserpuntura: convencional, frequ\u00eancias de Nogier, frequ\u00eancias de Reininger, frequ\u00eancias de Bahr e frequ\u00eancias S.<\/p>\n","protected":false},"excerpt":{"rendered":"<p>Laserpulse Port\u00e1til Ibramed- Acompanha caneta Prob<\/p>\n<p>Atendemos\u00a0Florian\u00f3polis\u00a0e a regi\u00e3o.<\/p>\n<p>Consultar disponibilidade pelo WhatsApp<\/p>\n","protected":false},"featured_media":1773,"template":"","meta":{"om_disable_all_campaigns":false,"_monsterinsights_skip_tracking":false,"_monsterinsights_sitenote_active":false,"_monsterinsights_sitenote_note":"","_monsterinsights_sitenote_category":0,"_kadence_starter_templates_imported_post":false,"_kad_post_transparent":"default","_kad_post_title":"","_kad_post_layout":"default","_kad_post_sidebar_id":"","_kad_post_content_style":"default","_kad_post_vertical_padding":"default","_kad_post_feature":"","_kad_post_feature_position":"","_kad_post_header":false,"_kad_post_footer":false},"product_brand":[],"product_cat":[57,59,56,49,15],"product_tag":[],"class_list":{"0":"post-1769","1":"product","2":"type-product","3":"status-publish","4":"has-post-thumbnail","6":"product_cat-aluguel-de-laser-florianopolis-e-regiao","7":"product_cat-equipamentos","8":"product_cat-loja-de-produtos-medicos-e-ortopedicos-em-florianopolis-e-regiao","9":"product_cat-pos-operatorio","10":"product_cat-uncategorized","12":"first","13":"instock","14":"shipping-taxable","15":"product-type-simple","16":"entry","17":"content-bg","18":"loop-entry"},"aioseo_notices":[],"_links":{"self":[{"href":"https:\/\/ortosenior.com.br\/index.php?rest_route=\/wp\/v2\/product\/1769","targetHints":{"allow":["GET"]}}],"collection":[{"href":"https:\/\/ortosenior.com.br\/index.php?rest_route=\/wp\/v2\/product"}],"about":[{"href":"https:\/\/ortosenior.com.br\/index.php?rest_route=\/wp\/v2\/types\/product"}],"wp:featuredmedia":[{"embeddable":true,"href":"https:\/\/ortosenior.com.br\/index.php?rest_route=\/wp\/v2\/media\/1773"}],"wp:attachment":[{"href":"https:\/\/ortosenior.com.br\/index.php?rest_route=%2Fwp%2Fv2%2Fmedia&parent=1769"}],"wp:term":[{"taxonomy":"product_brand","embeddable":true,"href":"https:\/\/ortosenior.com.br\/index.php?rest_route=%2Fwp%2Fv2%2Fproduct_brand&post=1769"},{"taxonomy":"product_cat","embeddable":true,"href":"https:\/\/ortosenior.com.br\/index.php?rest_route=%2Fwp%2Fv2%2Fproduct_cat&post=1769"},{"taxonomy":"product_tag","embeddable":true,"href":"https:\/\/ortosenior.com.br\/index.php?rest_route=%2Fwp%2Fv2%2Fproduct_tag&post=1769"}],"curies":[{"name":"wp","href":"https:\/\/api.w.org\/{rel}","templated":true}]}}