{"id":1873,"date":"2025-08-07T09:47:48","date_gmt":"2025-08-07T09:47:48","guid":{"rendered":"https:\/\/ortosenior.com.br\/?post_type=product&#038;p=1873"},"modified":"2025-08-07T09:52:58","modified_gmt":"2025-08-07T09:52:58","slug":"aluguel-colete-jewett","status":"publish","type":"product","link":"https:\/\/ortosenior.com.br\/?product=aluguel-colete-jewett","title":{"rendered":"Aluguel Colete Jewett"},"content":{"rendered":"<div class=\"product-info__WrapperRating-sc-1u2zqg7-4 ftbVvP\">\n<div class=\"src__Container-gi2cko-0 tvpHh\">\n<div class=\"src__Wrapper-sagiey-0 jStLvc\">\n<div class=\"src__GrayStars-sagiey-2 dMQlag\">\n<p class=\"product-title__Title-sc-1hlrxcw-0 jyetLr\"><strong>O colete Jewett \u00e9 indicado para pacientes com postura cif\u00f3tica ou portadores de fraturas colunares da coluna tor\u00e1cica. O Colete Jewet tamb\u00e9m \u00e9 indicado para recupera\u00e7\u00e3o e tratamento de fraturas de cartilagem, osteoporose, artrite verbal, ep\u00edfisite e osteocondrite.<\/strong><\/p>\n<p><b>Indica\u00e7\u00f5es:<\/b><\/p>\n<\/div>\n<\/div>\n<\/div>\n<\/div>\n<div class=\"product-description__WrapperProductDescription-ytj6zc-0 izuWyd\">\n<p class=\"product-description__Description-ytj6zc-1 hpvVKM\">\u2013 Fraturas de atualiza\u00e7\u00f5es<br \/>\n\u2013 Osteoporose<br \/>\n\u2013 Artrite Vertebrais<br \/>\n\u2013 Epifisitas<br \/>\n\u2013 Osteocondritos<br \/>\n\u2013 Fraturas da coluna tor\u00e1cica<br \/>\n\u2013 Postura Cif\u00f3tica na tuberculose vertebral.<br \/>\n<b>Tamanho: P \u2013 M \u2013 G \u2013 GG<\/b><br \/>\n<b>Caracter\u00edsticas:\u00a0<\/b> Confeccionado em pvc, almofadado em espuma, fecho de contato.<\/p>\n<\/div>\n","protected":false},"excerpt":{"rendered":"<p>Atendemos\u00a0Florian\u00f3polis\u00a0e a regi\u00e3o.<\/p>\n<p>Consultar disponibilidade pelo WhatsApp<\/p>\n","protected":false},"featured_media":1874,"template":"","meta":{"om_disable_all_campaigns":false,"_monsterinsights_skip_tracking":false,"_monsterinsights_sitenote_active":false,"_monsterinsights_sitenote_note":"","_monsterinsights_sitenote_category":0,"_kadence_starter_templates_imported_post":false,"_kad_post_transparent":"default","_kad_post_title":"","_kad_post_layout":"default","_kad_post_sidebar_id":"","_kad_post_content_style":"default","_kad_post_vertical_padding":"default","_kad_post_feature":"","_kad_post_feature_position":"","_kad_post_header":false,"_kad_post_footer":false},"product_brand":[],"product_cat":[63,56,15],"product_tag":[],"class_list":{"0":"post-1873","1":"product","2":"type-product","3":"status-publish","4":"has-post-thumbnail","6":"product_cat-aluguel-colete-jewtt","7":"product_cat-loja-de-produtos-medicos-e-ortopedicos-em-florianopolis-e-regiao","8":"product_cat-uncategorized","10":"first","11":"instock","12":"shipping-taxable","13":"product-type-simple","14":"entry","15":"content-bg","16":"loop-entry"},"aioseo_notices":[],"_links":{"self":[{"href":"https:\/\/ortosenior.com.br\/index.php?rest_route=\/wp\/v2\/product\/1873","targetHints":{"allow":["GET"]}}],"collection":[{"href":"https:\/\/ortosenior.com.br\/index.php?rest_route=\/wp\/v2\/product"}],"about":[{"href":"https:\/\/ortosenior.com.br\/index.php?rest_route=\/wp\/v2\/types\/product"}],"wp:featuredmedia":[{"embeddable":true,"href":"https:\/\/ortosenior.com.br\/index.php?rest_route=\/wp\/v2\/media\/1874"}],"wp:attachment":[{"href":"https:\/\/ortosenior.com.br\/index.php?rest_route=%2Fwp%2Fv2%2Fmedia&parent=1873"}],"wp:term":[{"taxonomy":"product_brand","embeddable":true,"href":"https:\/\/ortosenior.com.br\/index.php?rest_route=%2Fwp%2Fv2%2Fproduct_brand&post=1873"},{"taxonomy":"product_cat","embeddable":true,"href":"https:\/\/ortosenior.com.br\/index.php?rest_route=%2Fwp%2Fv2%2Fproduct_cat&post=1873"},{"taxonomy":"product_tag","embeddable":true,"href":"https:\/\/ortosenior.com.br\/index.php?rest_route=%2Fwp%2Fv2%2Fproduct_tag&post=1873"}],"curies":[{"name":"wp","href":"https:\/\/api.w.org\/{rel}","templated":true}]}}