{"id":1879,"date":"2025-10-20T00:12:59","date_gmt":"2025-10-20T00:12:59","guid":{"rendered":"https:\/\/ortosenior.com.br\/?post_type=product&#038;p=1879"},"modified":"2025-10-20T00:12:59","modified_gmt":"2025-10-20T00:12:59","slug":"aluguel-cama-hospitalar-florianopolis-e-regiao","status":"publish","type":"product","link":"https:\/\/ortosenior.com.br\/?product=aluguel-cama-hospitalar-florianopolis-e-regiao","title":{"rendered":"Aluguel Cama hospitalar &#8211; Florian\u00f3polis e regi\u00e3o"},"content":{"rendered":"<h3><strong>Cama Motorizada Comfort com Colch\u00e3o e com Grade E Rod\u00edzios Madeira Pilati<\/strong><\/h3>\n<div class=\"paragraph\">A <strong>Cama Motorizada Comfort com Colch\u00e3o Com Grade E Rod\u00edzios Madeira Pilati<\/strong> \u00e9 uma solu\u00e7\u00e3o completa para quem busca conforto, praticidade e tecnologia em um \u00fanico produto. Projetada para oferecer suporte e ajustabilidade, esta cama motorizada \u00e9 ideal para quem precisa de uma posi\u00e7\u00e3o personalizada para dormir, descansar ou at\u00e9 mesmo para acamados que precisam de um melhor posicionamento na cama, fazendo com que facilite os cuidados em casa, evitando les\u00f5es na coluna de quem est\u00e1 cuidando do acamado.<\/div>\n<hr \/>\n<h3><strong>Caracter\u00edsticas Principais:<\/strong><\/h3>\n<ul>\n<li>\n<div class=\"paragraph\"><strong>Estrado Articulado<\/strong>: Fabricado em a\u00e7o carbono com acabamento em pintura eletrost\u00e1tica a p\u00f3 na cor branca, oferecendo excelente resist\u00eancia qu\u00edmica e mec\u00e2nica.<\/div>\n<\/li>\n<li>\n<div class=\"paragraph\"><strong>Ripas Multilaminadas<\/strong>: Dispostas em \u00e2ngulo para maior conforto e respirabilidade do colch\u00e3o.<\/div>\n<\/li>\n<li>\n<div class=\"paragraph\"><strong>Suporte de Peso Distribu\u00eddo<\/strong>: Capacidade para suportar at\u00e9 150 kg (colch\u00e3o + ocupante + itens sobre a cama).<\/div>\n<\/li>\n<li>\n<div class=\"paragraph\"><strong>Motoriza\u00e7\u00e3o<\/strong>: Cama motorizada com 3 movimentos (cabeceira, peseira e altura), oferecendo m\u00faltiplas posi\u00e7\u00f5es de conforto.<\/div>\n<\/li>\n<li>\n<div class=\"paragraph\"><strong>\u00c2ngulos de Inclina\u00e7\u00e3o<\/strong>: Cabeceira at\u00e9 60\u00b0 e peseira at\u00e9 47\u00b0.<\/div>\n<\/li>\n<li>\n<div class=\"paragraph\"><strong>Altura Ajust\u00e1vel<\/strong>: Eleva\u00e7\u00e3o da cabeceira\/peseira de 40 cm a 72 cm.<\/div>\n<\/li>\n<li>\n<div class=\"paragraph\"><strong>Grade de Prote\u00e7\u00e3o<\/strong>: Grade lateral remov\u00edvel ou basculante para seguran\u00e7a adicional.<\/div>\n<\/li>\n<\/ul>\n","protected":false},"excerpt":{"rendered":"<p>Atendemos\u00a0Florian\u00f3polis\u00a0e a regi\u00e3o.<\/p>\n<p>Consultar disponibilidade pelo WhatsApp.<\/p>\n","protected":false},"featured_media":1881,"template":"","meta":{"om_disable_all_campaigns":false,"_monsterinsights_skip_tracking":false,"_monsterinsights_sitenote_active":false,"_monsterinsights_sitenote_note":"","_monsterinsights_sitenote_category":0,"_kadence_starter_templates_imported_post":false,"_kad_post_transparent":"default","_kad_post_title":"","_kad_post_layout":"default","_kad_post_sidebar_id":"","_kad_post_content_style":"default","_kad_post_vertical_padding":"default","_kad_post_feature":"","_kad_post_feature_position":"","_kad_post_header":false,"_kad_post_footer":false},"product_brand":[],"product_cat":[64,56,47,15],"product_tag":[],"class_list":{"0":"post-1879","1":"product","2":"type-product","3":"status-publish","4":"has-post-thumbnail","6":"product_cat-aluguel-cama-hospitalar-florianopolis-e-regiao","7":"product_cat-loja-de-produtos-medicos-e-ortopedicos-em-florianopolis-e-regiao","8":"product_cat-ortopedia","9":"product_cat-uncategorized","11":"first","12":"instock","13":"shipping-taxable","14":"product-type-simple","15":"entry","16":"content-bg","17":"loop-entry"},"aioseo_notices":[],"_links":{"self":[{"href":"https:\/\/ortosenior.com.br\/index.php?rest_route=\/wp\/v2\/product\/1879","targetHints":{"allow":["GET"]}}],"collection":[{"href":"https:\/\/ortosenior.com.br\/index.php?rest_route=\/wp\/v2\/product"}],"about":[{"href":"https:\/\/ortosenior.com.br\/index.php?rest_route=\/wp\/v2\/types\/product"}],"wp:featuredmedia":[{"embeddable":true,"href":"https:\/\/ortosenior.com.br\/index.php?rest_route=\/wp\/v2\/media\/1881"}],"wp:attachment":[{"href":"https:\/\/ortosenior.com.br\/index.php?rest_route=%2Fwp%2Fv2%2Fmedia&parent=1879"}],"wp:term":[{"taxonomy":"product_brand","embeddable":true,"href":"https:\/\/ortosenior.com.br\/index.php?rest_route=%2Fwp%2Fv2%2Fproduct_brand&post=1879"},{"taxonomy":"product_cat","embeddable":true,"href":"https:\/\/ortosenior.com.br\/index.php?rest_route=%2Fwp%2Fv2%2Fproduct_cat&post=1879"},{"taxonomy":"product_tag","embeddable":true,"href":"https:\/\/ortosenior.com.br\/index.php?rest_route=%2Fwp%2Fv2%2Fproduct_tag&post=1879"}],"curies":[{"name":"wp","href":"https:\/\/api.w.org\/{rel}","templated":true}]}}