{"id":1882,"date":"2025-10-20T00:21:05","date_gmt":"2025-10-20T00:21:05","guid":{"rendered":"https:\/\/ortosenior.com.br\/?post_type=product&#038;p=1882"},"modified":"2025-10-20T00:21:05","modified_gmt":"2025-10-20T00:21:05","slug":"aluguel-cadeira-de-rodas-florianopolis-e-regiao","status":"publish","type":"product","link":"https:\/\/ortosenior.com.br\/?product=aluguel-cadeira-de-rodas-florianopolis-e-regiao","title":{"rendered":"Aluguel Cadeira de rodas &#8211; Florian\u00f3polis e regi\u00e3o"},"content":{"rendered":"<div class=\"thead\">Medidas e Detalhes<\/div>\n<table>\n<tbody>\n<tr>\n<th>Marca<\/th>\n<td>Dellamed<\/td>\n<\/tr>\n<tr>\n<th>Capacidade<\/th>\n<td>120 kg<\/td>\n<\/tr>\n<tr>\n<th>Peso<\/th>\n<td>&lt; 15 kg<\/td>\n<\/tr>\n<tr>\n<th>Material<\/th>\n<td>Alum\u00ednio aeron\u00e1utico com pintura ep\u00f3xi<\/td>\n<\/tr>\n<tr>\n<th>Estrutura<\/th>\n<td>Dobr\u00e1vel em duplo X<\/td>\n<\/tr>\n<tr>\n<th>Rodas traseiras<\/th>\n<td>61 cm, aro em alum\u00ednio, pneus r\u00edgidos antifuro<\/td>\n<\/tr>\n<tr>\n<th>Rodas dianteiras<\/th>\n<td>20 cm maci\u00e7as<\/td>\n<\/tr>\n<tr>\n<th>Bra\u00e7os e pernas<\/th>\n<td>Escamote\u00e1veis, pedal ajust\u00e1vel<\/td>\n<\/tr>\n<tr>\n<th>Encosto<\/th>\n<td>Fixo, 40 cm<\/td>\n<\/tr>\n<tr>\n<th>Assento<\/th>\n<td>40\u201348 cm largura x 40 cm profundidade<\/td>\n<\/tr>\n<tr>\n<th>Altura do assento<\/th>\n<td>54 cm<\/td>\n<\/tr>\n<tr>\n<th>Largura total<\/th>\n<td>59,5\u201366 cm conforme tamanho<\/td>\n<\/tr>\n<tr>\n<th>Quick-release<\/th>\n<td>Sim, nas rodas traseiras<\/td>\n<\/tr>\n<tr>\n<th>Medidas dobrada<\/th>\n<td>101 \u00d7 28 \u00d7 91,5 cm<\/td>\n<\/tr>\n<\/tbody>\n<\/table>\n","protected":false},"excerpt":{"rendered":"<p>Atendemos\u00a0Florian\u00f3polis\u00a0e a regi\u00e3o.<\/p>\n<p>Consultar disponibilidade pelo WhatsApp.<\/p>\n","protected":false},"featured_media":1888,"template":"","meta":{"om_disable_all_campaigns":false,"_monsterinsights_skip_tracking":false,"_monsterinsights_sitenote_active":false,"_monsterinsights_sitenote_note":"","_monsterinsights_sitenote_category":0,"_kadence_starter_templates_imported_post":false,"_kad_post_transparent":"default","_kad_post_title":"","_kad_post_layout":"default","_kad_post_sidebar_id":"","_kad_post_content_style":"default","_kad_post_vertical_padding":"default","_kad_post_feature":"","_kad_post_feature_position":"","_kad_post_header":false,"_kad_post_footer":false},"product_brand":[],"product_cat":[65,56,47,15],"product_tag":[],"class_list":{"0":"post-1882","1":"product","2":"type-product","3":"status-publish","4":"has-post-thumbnail","6":"product_cat-aluguel-cadeira-de-rodas-florianopolis-e-regiao","7":"product_cat-loja-de-produtos-medicos-e-ortopedicos-em-florianopolis-e-regiao","8":"product_cat-ortopedia","9":"product_cat-uncategorized","11":"first","12":"instock","13":"shipping-taxable","14":"product-type-simple","15":"entry","16":"content-bg","17":"loop-entry"},"aioseo_notices":[],"_links":{"self":[{"href":"https:\/\/ortosenior.com.br\/index.php?rest_route=\/wp\/v2\/product\/1882","targetHints":{"allow":["GET"]}}],"collection":[{"href":"https:\/\/ortosenior.com.br\/index.php?rest_route=\/wp\/v2\/product"}],"about":[{"href":"https:\/\/ortosenior.com.br\/index.php?rest_route=\/wp\/v2\/types\/product"}],"wp:featuredmedia":[{"embeddable":true,"href":"https:\/\/ortosenior.com.br\/index.php?rest_route=\/wp\/v2\/media\/1888"}],"wp:attachment":[{"href":"https:\/\/ortosenior.com.br\/index.php?rest_route=%2Fwp%2Fv2%2Fmedia&parent=1882"}],"wp:term":[{"taxonomy":"product_brand","embeddable":true,"href":"https:\/\/ortosenior.com.br\/index.php?rest_route=%2Fwp%2Fv2%2Fproduct_brand&post=1882"},{"taxonomy":"product_cat","embeddable":true,"href":"https:\/\/ortosenior.com.br\/index.php?rest_route=%2Fwp%2Fv2%2Fproduct_cat&post=1882"},{"taxonomy":"product_tag","embeddable":true,"href":"https:\/\/ortosenior.com.br\/index.php?rest_route=%2Fwp%2Fv2%2Fproduct_tag&post=1882"}],"curies":[{"name":"wp","href":"https:\/\/api.w.org\/{rel}","templated":true}]}}